{"id":3,"date":"2026-02-07T13:09:21","date_gmt":"2026-02-07T13:09:21","guid":{"rendered":"http:\/\/ensemblepourbellegardepoussieu.fr\/?page_id=3"},"modified":"2026-02-17T21:57:10","modified_gmt":"2026-02-17T20:57:10","slug":"privacy-policy","status":"publish","type":"page","link":"https:\/\/ensemblepourbellegardepoussieu.fr\/index.php\/privacy-policy\/","title":{"rendered":"Mention l\u00e9gales"},"content":{"rendered":"\n<h2 class=\"wp-block-heading\">Directrice de publication<\/h2>\n\n\n\n<p><strong>Nom :<\/strong>\u00a0Chantal FREDOUT<br><strong>Qualit\u00e9 :<\/strong>\u00a0T\u00eate de la liste \u00ab\u00a0Ensemble, pour faire vivre notre village !\u00a0\u00bb candidate aux \u00e9lections municipales de Bellegarde-Poussieu<br><strong>Adresse :<\/strong>\u00a062, Impasse des Gallerands &#8211; 38270 Bellegarde-Poussieu<br><strong>Email :<\/strong>\u00a0ensemblepourbellegardepoussieu@gmail.com<br><strong>T\u00e9l\u00e9phone :<\/strong>\u00a006 88 85 52 48<\/p>\n\n\n\n<p>La directrice de publication est une personne physique.<\/p>\n\n\n\n<h2 class=\"wp-block-heading\">H\u00e9bergement du site<\/h2>\n\n\n\n<p>Ce site est h\u00e9berg\u00e9 par :<br><strong>OVH SAS<\/strong><br>2 rue Kellermann<br>59100 Roubaix, France<br>T\u00e9l\u00e9phone : 1007<br>Site web :&nbsp;<a href=\"https:\/\/www.ovh.com\/\" target=\"_blank\" rel=\"noreferrer noopener\">www.ovh.com<\/a><br>Capital social : 10 174 560 EUR<br>RCS Lille M\u00e9tropole 424 761 419<\/p>\n\n\n\n<h2 class=\"wp-block-heading\">Propri\u00e9t\u00e9 intellectuelle<\/h2>\n\n\n\n<p>L&rsquo;ensemble de ce site rel\u00e8ve de la l\u00e9gislation fran\u00e7aise et internationale sur le droit d&rsquo;auteur et la propri\u00e9t\u00e9 intellectuelle. Tous les droits de reproduction sont r\u00e9serv\u00e9s, y compris pour les documents t\u00e9l\u00e9chargeables et les repr\u00e9sentations iconographiques et photographiques.<\/p>\n\n\n\n<p>Les photographies, textes et logos pr\u00e9sents sur ce site sont la propri\u00e9t\u00e9 de la campagne Ensemble pour notre village et ne peuvent \u00eatre reproduits sans autorisation expresse.<\/p>\n\n\n\n<h2 class=\"wp-block-heading\">Cr\u00e9dits<\/h2>\n\n\n\n<p><strong>Conception et r\u00e9alisation :<\/strong>&nbsp;Gr\u00e9gory PEUBLE ; Cyril AECK<\/p>\n\n\n\n<p><strong>Photographie<\/strong> : Magali GUYOT<br><\/p>\n\n\n\n<h2 class=\"wp-block-heading\">Responsabilit\u00e9<\/h2>\n\n\n\n<p>Les informations contenues sur ce site sont aussi pr\u00e9cises que possible. Toutefois, le site ensemblepourbellegardepoussieu.fr ne pourra \u00eatre tenu responsable des omissions, des inexactitudes et des carences dans la mise \u00e0 jour, qu&rsquo;elles soient de son fait ou du fait des tiers partenaires qui lui fournissent ces informations.<\/p>\n\n\n\n<p>Tous les liens hypertextes pr\u00e9sents sur le site et menant vers d&rsquo;autres sites pr\u00e9sents sur Internet ne sauraient engager la responsabilit\u00e9 de ensemblepourbellegardepoussieu.fr<\/p>\n\n\n\n<h2 class=\"wp-block-heading\">Notice environnementale<\/h2>\n\n\n\n<p>Conform\u00e9ment \u00e0 l&rsquo;Article L541-10-1 du Code de l&rsquo;environnement, tous les documents t\u00e9l\u00e9chargeables depuis ce site comportent la mention :<\/p>\n\n\n\n<p><strong>Ne pas jeter sur la voie publique.<\/strong><\/p>\n\n\n\n<p><\/p>\n\n\n\n<p><\/p>\n\n\n\n<p><\/p>\n\n\n\n<p><\/p>\n","protected":false},"excerpt":{"rendered":"<p>Directrice de publication Nom :\u00a0Chantal FREDOUTQualit\u00e9 :\u00a0T\u00eate de la liste \u00ab\u00a0Ensemble, pour faire vivre notre village !\u00a0\u00bb candidate aux \u00e9lections municipales de Bellegarde-PoussieuAdresse :\u00a062, Impasse des Gallerands &#8211; 38270 Bellegarde-PoussieuEmail :\u00a0ensemblepourbellegardepoussieu@gmail.comT\u00e9l\u00e9phone :\u00a006 88 85 52 48 La directrice de publication est une personne physique. H\u00e9bergement du site Ce site est h\u00e9berg\u00e9 par :OVH SAS2 rue [&hellip;]<\/p>\n","protected":false},"author":1,"featured_media":0,"parent":0,"menu_order":0,"comment_status":"closed","ping_status":"open","template":"","meta":{"footnotes":""},"class_list":["post-3","page","type-page","status-publish","hentry"],"_links":{"self":[{"href":"https:\/\/ensemblepourbellegardepoussieu.fr\/index.php\/wp-json\/wp\/v2\/pages\/3","targetHints":{"allow":["GET"]}}],"collection":[{"href":"https:\/\/ensemblepourbellegardepoussieu.fr\/index.php\/wp-json\/wp\/v2\/pages"}],"about":[{"href":"https:\/\/ensemblepourbellegardepoussieu.fr\/index.php\/wp-json\/wp\/v2\/types\/page"}],"author":[{"embeddable":true,"href":"https:\/\/ensemblepourbellegardepoussieu.fr\/index.php\/wp-json\/wp\/v2\/users\/1"}],"replies":[{"embeddable":true,"href":"https:\/\/ensemblepourbellegardepoussieu.fr\/index.php\/wp-json\/wp\/v2\/comments?post=3"}],"version-history":[{"count":3,"href":"https:\/\/ensemblepourbellegardepoussieu.fr\/index.php\/wp-json\/wp\/v2\/pages\/3\/revisions"}],"predecessor-version":[{"id":69,"href":"https:\/\/ensemblepourbellegardepoussieu.fr\/index.php\/wp-json\/wp\/v2\/pages\/3\/revisions\/69"}],"wp:attachment":[{"href":"https:\/\/ensemblepourbellegardepoussieu.fr\/index.php\/wp-json\/wp\/v2\/media?parent=3"}],"curies":[{"name":"wp","href":"https:\/\/api.w.org\/{rel}","templated":true}]}}