{"id":289,"date":"2026-02-20T09:28:36","date_gmt":"2026-02-20T08:28:36","guid":{"rendered":"https:\/\/ensemblepourbellegardepoussieu.fr\/?page_id=289"},"modified":"2026-02-20T09:28:36","modified_gmt":"2026-02-20T08:28:36","slug":"maxime-montagne","status":"publish","type":"page","link":"https:\/\/ensemblepourbellegardepoussieu.fr\/index.php\/maxime-montagne\/","title":{"rendered":"Maxime Montagne"},"content":{"rendered":"\n<div class=\"wp-block-group is-nowrap is-layout-flex wp-container-core-group-is-layout-6c531013 wp-block-group-is-layout-flex\">\n<figure class=\"wp-block-image size-large\"><img loading=\"lazy\" decoding=\"async\" width=\"1024\" height=\"845\" src=\"http:\/\/ensemblepourbellegardepoussieu.fr\/wp-content\/uploads\/2026\/02\/Maxime-1024x845.jpg\" alt=\"\" class=\"wp-image-225\" srcset=\"https:\/\/ensemblepourbellegardepoussieu.fr\/wp-content\/uploads\/2026\/02\/Maxime-1024x845.jpg 1024w, https:\/\/ensemblepourbellegardepoussieu.fr\/wp-content\/uploads\/2026\/02\/Maxime-300x247.jpg 300w, https:\/\/ensemblepourbellegardepoussieu.fr\/wp-content\/uploads\/2026\/02\/Maxime-768x633.jpg 768w, https:\/\/ensemblepourbellegardepoussieu.fr\/wp-content\/uploads\/2026\/02\/Maxime-1536x1267.jpg 1536w, https:\/\/ensemblepourbellegardepoussieu.fr\/wp-content\/uploads\/2026\/02\/Maxime-2048x1689.jpg 2048w\" sizes=\"auto, (max-width: 1024px) 100vw, 1024px\" \/><\/figure>\n\n\n\n<h6 class=\"wp-block-heading\">42 ans &#8211; pacs\u00e9 et papa de trois enfants<\/h6>\n<\/div>\n\n\n\n<p><strong>Je suis arriv\u00e9 \u00e0 Bellegarde\u2011Poussieu en 2020<\/strong>.<\/p>\n\n\n\n<p>Je suis <strong>paysagiste chef d&rsquo;\u00e9quipe<\/strong>, un m\u00e9tier dans lequel je contribue chaque jour \u00e0 <strong>embellir<\/strong> et <strong>entretenir les espaces de vie<\/strong>, avec le <strong>souci du travail bien fait<\/strong>.<\/p>\n\n\n\n<p>Au fil de mon exp\u00e9rience, j\u2019ai appris l\u2019importance de <strong>prendre soin de notre environnement<\/strong> : <strong>valoriser les espaces verts<\/strong>, <strong>entretenir les voiries<\/strong> et <strong>participer \u00e0 l\u2019esth\u00e9tique du village<\/strong> sont des missions qui me tiennent \u00e0 c\u0153ur.<\/p>\n\n\n\n<p>Je souhaite mettre mon <strong>\u00e9nergie<\/strong>, mon <strong>savoir\u2011faire<\/strong> et mon exp\u00e9rience du terrain <strong>au service de la commune<\/strong>.<\/p>\n\n\n\n<p>Mon m\u00e9tier m\u2019a appris l\u2019importance de <strong>prendre soin de la nature<\/strong> et des espaces de vie, afin de <strong>cr\u00e9er des lieux agr\u00e9ables pour tous<\/strong>.<\/p>\n\n\n\n<p>J\u2019aimerais contribuer \u00e0 soutenir les familles, <strong>valoriser nos espaces publics<\/strong> et participer, avec l\u2019\u00e9quipe et les habitants, \u00e0 <strong>construire un avenir harmonieux et dynamique pour Bellegarde\u2011Poussieu<\/strong>.<\/p>\n\n\n\n<figure class=\"wp-block-image aligncenter size-full is-resized\"><a href=\"https:\/\/ensemblepourbellegardepoussieu.fr\/index.php\/presentation-de-notre-equipe\/\"><img loading=\"lazy\" decoding=\"async\" width=\"500\" height=\"500\" src=\"http:\/\/ensemblepourbellegardepoussieu.fr\/wp-content\/uploads\/2026\/02\/notre-equipe-3.png\" alt=\"\" class=\"wp-image-39\" style=\"width:109px;height:auto\" srcset=\"https:\/\/ensemblepourbellegardepoussieu.fr\/wp-content\/uploads\/2026\/02\/notre-equipe-3.png 500w, https:\/\/ensemblepourbellegardepoussieu.fr\/wp-content\/uploads\/2026\/02\/notre-equipe-3-300x300.png 300w, https:\/\/ensemblepourbellegardepoussieu.fr\/wp-content\/uploads\/2026\/02\/notre-equipe-3-150x150.png 150w\" sizes=\"auto, (max-width: 500px) 100vw, 500px\" \/><\/a><\/figure>\n","protected":false},"excerpt":{"rendered":"<p>42 ans &#8211; pacs\u00e9 et papa de trois enfants Je suis arriv\u00e9 \u00e0 Bellegarde\u2011Poussieu en 2020. Je suis paysagiste chef d&rsquo;\u00e9quipe, un m\u00e9tier dans lequel je contribue chaque jour \u00e0 embellir et entretenir les espaces de vie, avec le souci du travail bien fait. Au fil de mon exp\u00e9rience, j\u2019ai appris l\u2019importance de prendre soin [&hellip;]<\/p>\n","protected":false},"author":1,"featured_media":0,"parent":0,"menu_order":0,"comment_status":"closed","ping_status":"closed","template":"","meta":{"footnotes":""},"class_list":["post-289","page","type-page","status-publish","hentry"],"_links":{"self":[{"href":"https:\/\/ensemblepourbellegardepoussieu.fr\/index.php\/wp-json\/wp\/v2\/pages\/289","targetHints":{"allow":["GET"]}}],"collection":[{"href":"https:\/\/ensemblepourbellegardepoussieu.fr\/index.php\/wp-json\/wp\/v2\/pages"}],"about":[{"href":"https:\/\/ensemblepourbellegardepoussieu.fr\/index.php\/wp-json\/wp\/v2\/types\/page"}],"author":[{"embeddable":true,"href":"https:\/\/ensemblepourbellegardepoussieu.fr\/index.php\/wp-json\/wp\/v2\/users\/1"}],"replies":[{"embeddable":true,"href":"https:\/\/ensemblepourbellegardepoussieu.fr\/index.php\/wp-json\/wp\/v2\/comments?post=289"}],"version-history":[{"count":1,"href":"https:\/\/ensemblepourbellegardepoussieu.fr\/index.php\/wp-json\/wp\/v2\/pages\/289\/revisions"}],"predecessor-version":[{"id":290,"href":"https:\/\/ensemblepourbellegardepoussieu.fr\/index.php\/wp-json\/wp\/v2\/pages\/289\/revisions\/290"}],"wp:attachment":[{"href":"https:\/\/ensemblepourbellegardepoussieu.fr\/index.php\/wp-json\/wp\/v2\/media?parent=289"}],"curies":[{"name":"wp","href":"https:\/\/api.w.org\/{rel}","templated":true}]}}