{"id":274,"date":"2026-02-20T09:11:08","date_gmt":"2026-02-20T08:11:08","guid":{"rendered":"https:\/\/ensemblepourbellegardepoussieu.fr\/?page_id=274"},"modified":"2026-02-20T09:14:04","modified_gmt":"2026-02-20T08:14:04","slug":"gregory-peuble","status":"publish","type":"page","link":"https:\/\/ensemblepourbellegardepoussieu.fr\/index.php\/gregory-peuble\/","title":{"rendered":"Gr\u00e9gory Peuble"},"content":{"rendered":"\n<div class=\"wp-block-group is-nowrap is-layout-flex wp-container-core-group-is-layout-6c531013 wp-block-group-is-layout-flex\">\n<figure class=\"wp-block-image size-large\"><img loading=\"lazy\" decoding=\"async\" width=\"1024\" height=\"665\" src=\"http:\/\/ensemblepourbellegardepoussieu.fr\/wp-content\/uploads\/2026\/02\/Gregory-1024x665.jpg\" alt=\"\" class=\"wp-image-224\" srcset=\"https:\/\/ensemblepourbellegardepoussieu.fr\/wp-content\/uploads\/2026\/02\/Gregory-1024x665.jpg 1024w, https:\/\/ensemblepourbellegardepoussieu.fr\/wp-content\/uploads\/2026\/02\/Gregory-300x195.jpg 300w, https:\/\/ensemblepourbellegardepoussieu.fr\/wp-content\/uploads\/2026\/02\/Gregory-768x499.jpg 768w, https:\/\/ensemblepourbellegardepoussieu.fr\/wp-content\/uploads\/2026\/02\/Gregory-1536x998.jpg 1536w, https:\/\/ensemblepourbellegardepoussieu.fr\/wp-content\/uploads\/2026\/02\/Gregory-2048x1331.jpg 2048w\" sizes=\"auto, (max-width: 1024px) 100vw, 1024px\" \/><\/figure>\n\n\n\n<h6 class=\"wp-block-heading\">35 ans &#8211; en couple &#8211; papa d\u2019un enfant<\/h6>\n<\/div>\n\n\n\n<p><strong>Je vis \u00e0 Bellegarde\u2011Poussieu depuis quatre ans<\/strong>.<\/p>\n\n\n\n<p>Je suis <strong>directeur g\u00e9n\u00e9ral des services<\/strong> dans une commune de l\u2019agglom\u00e9ration voisine, un m\u00e9tier qui me plonge chaque jour <strong>au c\u0153ur du<\/strong> <strong>fonctionnement d\u2019une collectivit\u00e9<\/strong>.<\/p>\n\n\n\n<p>Il me permet de comprendre ses <strong>enjeux administratifs, financiers et humains,<\/strong> ainsi que l\u2019importance d\u2019une <strong>organisation rigoureuse<\/strong> et d\u2019une <strong>gestion moderne<\/strong> et <strong>proche du terrain<\/strong>.<\/p>\n\n\n\n<p>Fort de cette exp\u00e9rience, j\u2019ai \u00e0 c\u0153ur de mettre mes comp\u00e9tences et <strong>ma connaissance du fonctionnement public<\/strong> au service des Poussieurois et des Poussieuroises.<\/p>\n\n\n\n<p>Pour moi, <strong>m\u2019engager<\/strong>, c\u2019est <strong>avant tout participer \u00e0 la vie de la commune<\/strong>, contribuer \u00e0 son <strong>dynamisme<\/strong> et <strong>accompagner les projets<\/strong> qui la concernent.<\/p>\n\n\n\n<p>C\u2019est ici que je souhaite construire ma vie de famille et <strong>r\u00e9fl\u00e9chir<\/strong>, <strong>avec vous<\/strong>, <strong>\u00e0 l\u2019avenir du village<\/strong>.<\/p>\n\n\n\n<figure class=\"wp-block-image aligncenter size-full is-resized\"><a href=\"https:\/\/ensemblepourbellegardepoussieu.fr\/index.php\/presentation-de-notre-equipe\/\"><img loading=\"lazy\" decoding=\"async\" width=\"500\" height=\"500\" src=\"http:\/\/ensemblepourbellegardepoussieu.fr\/wp-content\/uploads\/2026\/02\/notre-equipe-3.png\" alt=\"\" class=\"wp-image-39\" style=\"width:109px;height:auto\" srcset=\"https:\/\/ensemblepourbellegardepoussieu.fr\/wp-content\/uploads\/2026\/02\/notre-equipe-3.png 500w, https:\/\/ensemblepourbellegardepoussieu.fr\/wp-content\/uploads\/2026\/02\/notre-equipe-3-300x300.png 300w, https:\/\/ensemblepourbellegardepoussieu.fr\/wp-content\/uploads\/2026\/02\/notre-equipe-3-150x150.png 150w\" sizes=\"auto, (max-width: 500px) 100vw, 500px\" \/><\/a><\/figure>\n","protected":false},"excerpt":{"rendered":"<p>35 ans &#8211; en couple &#8211; papa d\u2019un enfant Je vis \u00e0 Bellegarde\u2011Poussieu depuis quatre ans. Je suis directeur g\u00e9n\u00e9ral des services dans une commune de l\u2019agglom\u00e9ration voisine, un m\u00e9tier qui me plonge chaque jour au c\u0153ur du fonctionnement d\u2019une collectivit\u00e9. Il me permet de comprendre ses enjeux administratifs, financiers et humains, ainsi que l\u2019importance [&hellip;]<\/p>\n","protected":false},"author":1,"featured_media":0,"parent":0,"menu_order":0,"comment_status":"closed","ping_status":"closed","template":"","meta":{"footnotes":""},"class_list":["post-274","page","type-page","status-publish","hentry"],"_links":{"self":[{"href":"https:\/\/ensemblepourbellegardepoussieu.fr\/index.php\/wp-json\/wp\/v2\/pages\/274","targetHints":{"allow":["GET"]}}],"collection":[{"href":"https:\/\/ensemblepourbellegardepoussieu.fr\/index.php\/wp-json\/wp\/v2\/pages"}],"about":[{"href":"https:\/\/ensemblepourbellegardepoussieu.fr\/index.php\/wp-json\/wp\/v2\/types\/page"}],"author":[{"embeddable":true,"href":"https:\/\/ensemblepourbellegardepoussieu.fr\/index.php\/wp-json\/wp\/v2\/users\/1"}],"replies":[{"embeddable":true,"href":"https:\/\/ensemblepourbellegardepoussieu.fr\/index.php\/wp-json\/wp\/v2\/comments?post=274"}],"version-history":[{"count":2,"href":"https:\/\/ensemblepourbellegardepoussieu.fr\/index.php\/wp-json\/wp\/v2\/pages\/274\/revisions"}],"predecessor-version":[{"id":280,"href":"https:\/\/ensemblepourbellegardepoussieu.fr\/index.php\/wp-json\/wp\/v2\/pages\/274\/revisions\/280"}],"wp:attachment":[{"href":"https:\/\/ensemblepourbellegardepoussieu.fr\/index.php\/wp-json\/wp\/v2\/media?parent=274"}],"curies":[{"name":"wp","href":"https:\/\/api.w.org\/{rel}","templated":true}]}}