{"id":271,"date":"2026-02-20T09:05:35","date_gmt":"2026-02-20T08:05:35","guid":{"rendered":"https:\/\/ensemblepourbellegardepoussieu.fr\/?page_id=271"},"modified":"2026-02-20T09:14:19","modified_gmt":"2026-02-20T08:14:19","slug":"magali-guyot","status":"publish","type":"page","link":"https:\/\/ensemblepourbellegardepoussieu.fr\/index.php\/magali-guyot\/","title":{"rendered":"Magali Guyot"},"content":{"rendered":"\n<div class=\"wp-block-group is-nowrap is-layout-flex wp-container-core-group-is-layout-6c531013 wp-block-group-is-layout-flex\">\n<figure class=\"wp-block-image size-large\"><img loading=\"lazy\" decoding=\"async\" width=\"1024\" height=\"800\" src=\"http:\/\/ensemblepourbellegardepoussieu.fr\/wp-content\/uploads\/2026\/02\/Magali-1024x800.jpg\" alt=\"\" class=\"wp-image-217\" srcset=\"https:\/\/ensemblepourbellegardepoussieu.fr\/wp-content\/uploads\/2026\/02\/Magali-1024x800.jpg 1024w, https:\/\/ensemblepourbellegardepoussieu.fr\/wp-content\/uploads\/2026\/02\/Magali-300x234.jpg 300w, https:\/\/ensemblepourbellegardepoussieu.fr\/wp-content\/uploads\/2026\/02\/Magali-768x600.jpg 768w, https:\/\/ensemblepourbellegardepoussieu.fr\/wp-content\/uploads\/2026\/02\/Magali-1536x1200.jpg 1536w, https:\/\/ensemblepourbellegardepoussieu.fr\/wp-content\/uploads\/2026\/02\/Magali-2048x1600.jpg 2048w\" sizes=\"auto, (max-width: 1024px) 100vw, 1024px\" \/><\/figure>\n\n\n\n<h6 class=\"wp-block-heading\">42 ans &#8211; Mari\u00e9e &#8211; Maman de 2 enfants<\/h6>\n<\/div>\n\n\n\n<p><strong>Install\u00e9e \u00e0 Bellegarde-Poussieu depuis 2016<\/strong>, je suis aujourd\u2019hui pleinement ancr\u00e9e dans la vie du village.<\/p>\n\n\n\n<p>Je travaille comme conseill\u00e8re experte en assurance de personnes , un m\u00e9tier o\u00f9 l\u2019<strong>\u00e9coute<\/strong>, l\u2019<strong>accompagnement<\/strong> et le <strong>contact humain<\/strong> occupent une place essentielle.<\/p>\n\n\n\n<p>Impliqu\u00e9e localement , j\u2019ai fait partie de l\u2019<strong>association de la cantine<\/strong> et j\u2019ai \u00e9t\u00e9<br><strong>repr\u00e9sentante des parents d\u2019\u00e9l\u00e8ves<\/strong> \u00e0 l\u2019\u00e9cole de Bellegarde-Poussieu. Ces engagements m\u2019ont permis de rester <strong>proche des familles<\/strong> et des <strong>projets li\u00e9s \u00e0 l\u2019enfance<\/strong>.<\/p>\n\n\n\n<p>Le travail en <strong>\u00e9quipe<\/strong>, l\u2019<strong>entraide<\/strong> et le <strong>lien humain <\/strong>sont au c\u0153ur de mes valeurs et orientent aussi bien ma vie professionnelle que <strong>mon engagement pour la commune<\/strong>.<\/p>\n\n\n\n<figure class=\"wp-block-image aligncenter size-full is-resized\"><a href=\"https:\/\/ensemblepourbellegardepoussieu.fr\/index.php\/presentation-de-notre-equipe\/\"><img loading=\"lazy\" decoding=\"async\" width=\"500\" height=\"500\" src=\"http:\/\/ensemblepourbellegardepoussieu.fr\/wp-content\/uploads\/2026\/02\/notre-equipe-3.png\" alt=\"\" class=\"wp-image-39\" style=\"width:109px;height:auto\" srcset=\"https:\/\/ensemblepourbellegardepoussieu.fr\/wp-content\/uploads\/2026\/02\/notre-equipe-3.png 500w, https:\/\/ensemblepourbellegardepoussieu.fr\/wp-content\/uploads\/2026\/02\/notre-equipe-3-300x300.png 300w, https:\/\/ensemblepourbellegardepoussieu.fr\/wp-content\/uploads\/2026\/02\/notre-equipe-3-150x150.png 150w\" sizes=\"auto, (max-width: 500px) 100vw, 500px\" \/><\/a><\/figure>\n","protected":false},"excerpt":{"rendered":"<p>42 ans &#8211; Mari\u00e9e &#8211; Maman de 2 enfants Install\u00e9e \u00e0 Bellegarde-Poussieu depuis 2016, je suis aujourd\u2019hui pleinement ancr\u00e9e dans la vie du village. Je travaille comme conseill\u00e8re experte en assurance de personnes , un m\u00e9tier o\u00f9 l\u2019\u00e9coute, l\u2019accompagnement et le contact humain occupent une place essentielle. Impliqu\u00e9e localement , j\u2019ai fait partie de l\u2019association [&hellip;]<\/p>\n","protected":false},"author":1,"featured_media":0,"parent":0,"menu_order":0,"comment_status":"closed","ping_status":"closed","template":"","meta":{"footnotes":""},"class_list":["post-271","page","type-page","status-publish","hentry"],"_links":{"self":[{"href":"https:\/\/ensemblepourbellegardepoussieu.fr\/index.php\/wp-json\/wp\/v2\/pages\/271","targetHints":{"allow":["GET"]}}],"collection":[{"href":"https:\/\/ensemblepourbellegardepoussieu.fr\/index.php\/wp-json\/wp\/v2\/pages"}],"about":[{"href":"https:\/\/ensemblepourbellegardepoussieu.fr\/index.php\/wp-json\/wp\/v2\/types\/page"}],"author":[{"embeddable":true,"href":"https:\/\/ensemblepourbellegardepoussieu.fr\/index.php\/wp-json\/wp\/v2\/users\/1"}],"replies":[{"embeddable":true,"href":"https:\/\/ensemblepourbellegardepoussieu.fr\/index.php\/wp-json\/wp\/v2\/comments?post=271"}],"version-history":[{"count":2,"href":"https:\/\/ensemblepourbellegardepoussieu.fr\/index.php\/wp-json\/wp\/v2\/pages\/271\/revisions"}],"predecessor-version":[{"id":281,"href":"https:\/\/ensemblepourbellegardepoussieu.fr\/index.php\/wp-json\/wp\/v2\/pages\/271\/revisions\/281"}],"wp:attachment":[{"href":"https:\/\/ensemblepourbellegardepoussieu.fr\/index.php\/wp-json\/wp\/v2\/media?parent=271"}],"curies":[{"name":"wp","href":"https:\/\/api.w.org\/{rel}","templated":true}]}}