{"id":268,"date":"2026-02-20T09:00:36","date_gmt":"2026-02-20T08:00:36","guid":{"rendered":"https:\/\/ensemblepourbellegardepoussieu.fr\/?page_id=268"},"modified":"2026-02-20T09:13:09","modified_gmt":"2026-02-20T08:13:09","slug":"christelle-marion-martinez","status":"publish","type":"page","link":"https:\/\/ensemblepourbellegardepoussieu.fr\/index.php\/christelle-marion-martinez\/","title":{"rendered":"Christelle Marion-Martinez"},"content":{"rendered":"\n<div class=\"wp-block-group is-nowrap is-layout-flex wp-container-core-group-is-layout-6c531013 wp-block-group-is-layout-flex\">\n<figure class=\"wp-block-image size-large\"><img loading=\"lazy\" decoding=\"async\" width=\"1024\" height=\"791\" src=\"http:\/\/ensemblepourbellegardepoussieu.fr\/wp-content\/uploads\/2026\/02\/Christelle-1024x791.jpg\" alt=\"\" class=\"wp-image-221\" srcset=\"https:\/\/ensemblepourbellegardepoussieu.fr\/wp-content\/uploads\/2026\/02\/Christelle-1024x791.jpg 1024w, https:\/\/ensemblepourbellegardepoussieu.fr\/wp-content\/uploads\/2026\/02\/Christelle-300x232.jpg 300w, https:\/\/ensemblepourbellegardepoussieu.fr\/wp-content\/uploads\/2026\/02\/Christelle-768x594.jpg 768w, https:\/\/ensemblepourbellegardepoussieu.fr\/wp-content\/uploads\/2026\/02\/Christelle-1536x1187.jpg 1536w, https:\/\/ensemblepourbellegardepoussieu.fr\/wp-content\/uploads\/2026\/02\/Christelle-2048x1583.jpg 2048w\" sizes=\"auto, (max-width: 1024px) 100vw, 1024px\" \/><\/figure>\n\n\n\n<h6 class=\"wp-block-heading\">41 ans &#8211; mari\u00e9e &#8211; maman de deux enfants<\/h6>\n<\/div>\n\n\n\n<p><strong>Enfant de Bellegarde-Poussieu<\/strong>, c\u2019est ici que j\u2019ai mes racines et mes plus beaux souvenirs : j\u2019ai grandi dans ce village , j\u2019y ai construit ma famille<br>et j\u2019y regarde grandir mes enfants avec fiert\u00e9.<\/p>\n\n\n\n<p>J&rsquo;exerce le m\u00e9tier d&rsquo;assistante logistique au sein d&rsquo;une entreprise horticole: une mission o\u00f9 la <strong>coh\u00e9sion d&rsquo;\u00e9quipe<\/strong> soutient l&rsquo;<strong>efficacit\u00e9 organisationnelle<\/strong> et la gestion humaine, le tout avec une grande <strong>r\u00e9activit\u00e9<\/strong> face aux al\u00e9as quotidiens du monde agricole et du transport.<\/p>\n\n\n\n<p>Durant la scolarit\u00e9 de mes enfants , j\u2019ai \u00e9t\u00e9 <strong>membre du SOU des \u00e9coles<\/strong> pendant huit ans (tr\u00e9sori\u00e8re adjointe), une exp\u00e9rience qui m\u2019a permis de participer aux actions men\u00e9es <strong>pour les \u00e9l\u00e8ves et les familles de la commune<\/strong>.<\/p>\n\n\n\n<p>Je souhaite mettre mes comp\u00e9tences <strong>au service de Bellegarde-Poussieu<\/strong>, convaincue que c\u2019est en agissant <strong>ensemble<\/strong> que nous rendrons \u00e0 notre<br>village sa <strong>vitalit\u00e9<\/strong>. Je souhaite que chacun puisse devenir acteur du d<strong>ynamisme local<\/strong> pour faire bouger les choses, <strong>main dans la main<\/strong>.<\/p>\n\n\n\n<figure class=\"wp-block-image aligncenter size-full is-resized\"><a href=\"https:\/\/ensemblepourbellegardepoussieu.fr\/index.php\/presentation-de-notre-equipe\/\"><img loading=\"lazy\" decoding=\"async\" width=\"500\" height=\"500\" src=\"http:\/\/ensemblepourbellegardepoussieu.fr\/wp-content\/uploads\/2026\/02\/notre-equipe-3.png\" alt=\"\" class=\"wp-image-39\" style=\"width:109px;height:auto\" srcset=\"https:\/\/ensemblepourbellegardepoussieu.fr\/wp-content\/uploads\/2026\/02\/notre-equipe-3.png 500w, https:\/\/ensemblepourbellegardepoussieu.fr\/wp-content\/uploads\/2026\/02\/notre-equipe-3-300x300.png 300w, https:\/\/ensemblepourbellegardepoussieu.fr\/wp-content\/uploads\/2026\/02\/notre-equipe-3-150x150.png 150w\" sizes=\"auto, (max-width: 500px) 100vw, 500px\" \/><\/a><\/figure>\n","protected":false},"excerpt":{"rendered":"<p>41 ans &#8211; mari\u00e9e &#8211; maman de deux enfants Enfant de Bellegarde-Poussieu, c\u2019est ici que j\u2019ai mes racines et mes plus beaux souvenirs : j\u2019ai grandi dans ce village , j\u2019y ai construit ma familleet j\u2019y regarde grandir mes enfants avec fiert\u00e9. J&rsquo;exerce le m\u00e9tier d&rsquo;assistante logistique au sein d&rsquo;une entreprise horticole: une mission o\u00f9 [&hellip;]<\/p>\n","protected":false},"author":1,"featured_media":0,"parent":0,"menu_order":0,"comment_status":"closed","ping_status":"closed","template":"","meta":{"footnotes":""},"class_list":["post-268","page","type-page","status-publish","hentry"],"_links":{"self":[{"href":"https:\/\/ensemblepourbellegardepoussieu.fr\/index.php\/wp-json\/wp\/v2\/pages\/268","targetHints":{"allow":["GET"]}}],"collection":[{"href":"https:\/\/ensemblepourbellegardepoussieu.fr\/index.php\/wp-json\/wp\/v2\/pages"}],"about":[{"href":"https:\/\/ensemblepourbellegardepoussieu.fr\/index.php\/wp-json\/wp\/v2\/types\/page"}],"author":[{"embeddable":true,"href":"https:\/\/ensemblepourbellegardepoussieu.fr\/index.php\/wp-json\/wp\/v2\/users\/1"}],"replies":[{"embeddable":true,"href":"https:\/\/ensemblepourbellegardepoussieu.fr\/index.php\/wp-json\/wp\/v2\/comments?post=268"}],"version-history":[{"count":2,"href":"https:\/\/ensemblepourbellegardepoussieu.fr\/index.php\/wp-json\/wp\/v2\/pages\/268\/revisions"}],"predecessor-version":[{"id":278,"href":"https:\/\/ensemblepourbellegardepoussieu.fr\/index.php\/wp-json\/wp\/v2\/pages\/268\/revisions\/278"}],"wp:attachment":[{"href":"https:\/\/ensemblepourbellegardepoussieu.fr\/index.php\/wp-json\/wp\/v2\/media?parent=268"}],"curies":[{"name":"wp","href":"https:\/\/api.w.org\/{rel}","templated":true}]}}