{"id":265,"date":"2026-02-20T08:55:14","date_gmt":"2026-02-20T07:55:14","guid":{"rendered":"https:\/\/ensemblepourbellegardepoussieu.fr\/?page_id=265"},"modified":"2026-02-20T09:14:38","modified_gmt":"2026-02-20T08:14:38","slug":"patrick-margaron","status":"publish","type":"page","link":"https:\/\/ensemblepourbellegardepoussieu.fr\/index.php\/patrick-margaron\/","title":{"rendered":"Patrick Margaron"},"content":{"rendered":"\n<div class=\"wp-block-group is-nowrap is-layout-flex wp-container-core-group-is-layout-6c531013 wp-block-group-is-layout-flex\">\n<figure class=\"wp-block-image size-large\"><img loading=\"lazy\" decoding=\"async\" width=\"1024\" height=\"737\" src=\"http:\/\/ensemblepourbellegardepoussieu.fr\/wp-content\/uploads\/2026\/02\/patrick-1024x737.jpg\" alt=\"\" class=\"wp-image-215\" srcset=\"https:\/\/ensemblepourbellegardepoussieu.fr\/wp-content\/uploads\/2026\/02\/patrick-1024x737.jpg 1024w, https:\/\/ensemblepourbellegardepoussieu.fr\/wp-content\/uploads\/2026\/02\/patrick-300x216.jpg 300w, https:\/\/ensemblepourbellegardepoussieu.fr\/wp-content\/uploads\/2026\/02\/patrick-768x553.jpg 768w, https:\/\/ensemblepourbellegardepoussieu.fr\/wp-content\/uploads\/2026\/02\/patrick-1536x1106.jpg 1536w, https:\/\/ensemblepourbellegardepoussieu.fr\/wp-content\/uploads\/2026\/02\/patrick-2048x1475.jpg 2048w\" sizes=\"auto, (max-width: 1024px) 100vw, 1024px\" \/><\/figure>\n\n\n\n<h6 class=\"wp-block-heading\">62 ans &#8211; mari\u00e9 &#8211; p\u00e8re (3 enfants), beau-p\u00e8re et<br>grand-p\u00e8re<\/h6>\n<\/div>\n\n\n\n<p><strong>Natif de Bellegarde\u2011Poussieu<\/strong>, je suis aujourd\u2019hui retrait\u00e9 apr\u00e8s une carri\u00e8re de chef d\u2019\u00e9quipe, un m\u00e9tier qui m\u2019a appris la <strong>gestion<\/strong>, l\u2019<strong>organisation<\/strong> et la <strong>coordination<\/strong>.<\/p>\n\n\n\n<p>Tr\u00e8s attach\u00e9 \u00e0 mon village, j\u2019ai \u00e9t\u00e9 <strong>conseiller municipal<\/strong> de 2008 \u00e0 2014, une exp\u00e9rience qui m\u2019a permis de mieux comprendre le <strong>fonctionnement communal<\/strong> et les <strong>besoins des habitants<\/strong>.<\/p>\n\n\n\n<p>Impliqu\u00e9 dans la vie locale, j\u2019ai consacr\u00e9 <strong>trente ans au club de football du village<\/strong>, un engagement qui m\u2019a permis de transmettre des valeurs de <strong>coh\u00e9sion<\/strong>, d\u2019<strong>esprit d\u2019\u00e9quipe<\/strong> et de <strong>pers\u00e9v\u00e9rance<\/strong> \u00e0 de nombreuses g\u00e9n\u00e9rations.<\/p>\n\n\n\n<p>Aujourd\u2019hui, je souhaite contribuer \u00e0 <strong>redonner vie au village<\/strong>, renforcer la <strong>coh\u00e9sion<\/strong>, soutenir les <strong>associations<\/strong>, et participer \u00e0 am\u00e9liorer la <strong>s\u00e9curit\u00e9<\/strong>, afin d\u2019offrir un <strong>cadre de vie agr\u00e9able<\/strong> <strong>et serein pour tous<\/strong>.<\/p>\n\n\n\n<figure class=\"wp-block-image aligncenter size-full is-resized\"><a href=\"https:\/\/ensemblepourbellegardepoussieu.fr\/index.php\/presentation-de-notre-equipe\/\"><img loading=\"lazy\" decoding=\"async\" width=\"500\" height=\"500\" src=\"http:\/\/ensemblepourbellegardepoussieu.fr\/wp-content\/uploads\/2026\/02\/notre-equipe-3.png\" alt=\"\" class=\"wp-image-39\" style=\"width:109px;height:auto\" srcset=\"https:\/\/ensemblepourbellegardepoussieu.fr\/wp-content\/uploads\/2026\/02\/notre-equipe-3.png 500w, https:\/\/ensemblepourbellegardepoussieu.fr\/wp-content\/uploads\/2026\/02\/notre-equipe-3-300x300.png 300w, https:\/\/ensemblepourbellegardepoussieu.fr\/wp-content\/uploads\/2026\/02\/notre-equipe-3-150x150.png 150w\" sizes=\"auto, (max-width: 500px) 100vw, 500px\" \/><\/a><\/figure>\n","protected":false},"excerpt":{"rendered":"<p>62 ans &#8211; mari\u00e9 &#8211; p\u00e8re (3 enfants), beau-p\u00e8re etgrand-p\u00e8re Natif de Bellegarde\u2011Poussieu, je suis aujourd\u2019hui retrait\u00e9 apr\u00e8s une carri\u00e8re de chef d\u2019\u00e9quipe, un m\u00e9tier qui m\u2019a appris la gestion, l\u2019organisation et la coordination. Tr\u00e8s attach\u00e9 \u00e0 mon village, j\u2019ai \u00e9t\u00e9 conseiller municipal de 2008 \u00e0 2014, une exp\u00e9rience qui m\u2019a permis de mieux comprendre [&hellip;]<\/p>\n","protected":false},"author":1,"featured_media":0,"parent":0,"menu_order":0,"comment_status":"closed","ping_status":"closed","template":"","meta":{"footnotes":""},"class_list":["post-265","page","type-page","status-publish","hentry"],"_links":{"self":[{"href":"https:\/\/ensemblepourbellegardepoussieu.fr\/index.php\/wp-json\/wp\/v2\/pages\/265","targetHints":{"allow":["GET"]}}],"collection":[{"href":"https:\/\/ensemblepourbellegardepoussieu.fr\/index.php\/wp-json\/wp\/v2\/pages"}],"about":[{"href":"https:\/\/ensemblepourbellegardepoussieu.fr\/index.php\/wp-json\/wp\/v2\/types\/page"}],"author":[{"embeddable":true,"href":"https:\/\/ensemblepourbellegardepoussieu.fr\/index.php\/wp-json\/wp\/v2\/users\/1"}],"replies":[{"embeddable":true,"href":"https:\/\/ensemblepourbellegardepoussieu.fr\/index.php\/wp-json\/wp\/v2\/comments?post=265"}],"version-history":[{"count":2,"href":"https:\/\/ensemblepourbellegardepoussieu.fr\/index.php\/wp-json\/wp\/v2\/pages\/265\/revisions"}],"predecessor-version":[{"id":282,"href":"https:\/\/ensemblepourbellegardepoussieu.fr\/index.php\/wp-json\/wp\/v2\/pages\/265\/revisions\/282"}],"wp:attachment":[{"href":"https:\/\/ensemblepourbellegardepoussieu.fr\/index.php\/wp-json\/wp\/v2\/media?parent=265"}],"curies":[{"name":"wp","href":"https:\/\/api.w.org\/{rel}","templated":true}]}}