{"id":261,"date":"2026-02-20T08:47:59","date_gmt":"2026-02-20T07:47:59","guid":{"rendered":"https:\/\/ensemblepourbellegardepoussieu.fr\/?page_id=261"},"modified":"2026-02-20T09:12:28","modified_gmt":"2026-02-20T08:12:28","slug":"beatrice-mouchiroud","status":"publish","type":"page","link":"https:\/\/ensemblepourbellegardepoussieu.fr\/index.php\/beatrice-mouchiroud\/","title":{"rendered":"B\u00e9atrice Mouchiroud"},"content":{"rendered":"\n<div class=\"wp-block-group is-nowrap is-layout-flex wp-container-core-group-is-layout-6c531013 wp-block-group-is-layout-flex\">\n<figure class=\"wp-block-image size-large\"><img loading=\"lazy\" decoding=\"async\" width=\"1024\" height=\"598\" src=\"https:\/\/ensemblepourbellegardepoussieu.fr\/wp-content\/uploads\/2026\/02\/Beatrice-1-1024x598.jpg\" alt=\"\" class=\"wp-image-262\" srcset=\"https:\/\/ensemblepourbellegardepoussieu.fr\/wp-content\/uploads\/2026\/02\/Beatrice-1-1024x598.jpg 1024w, https:\/\/ensemblepourbellegardepoussieu.fr\/wp-content\/uploads\/2026\/02\/Beatrice-1-300x175.jpg 300w, https:\/\/ensemblepourbellegardepoussieu.fr\/wp-content\/uploads\/2026\/02\/Beatrice-1-768x449.jpg 768w, https:\/\/ensemblepourbellegardepoussieu.fr\/wp-content\/uploads\/2026\/02\/Beatrice-1-1536x897.jpg 1536w, https:\/\/ensemblepourbellegardepoussieu.fr\/wp-content\/uploads\/2026\/02\/Beatrice-1-2048x1196.jpg 2048w\" sizes=\"auto, (max-width: 1024px) 100vw, 1024px\" \/><\/figure>\n\n\n\n<h6 class=\"wp-block-heading\">47 ans &#8211; en couple &#8211; maman de deux enfants<\/h6>\n<\/div>\n\n\n\n<p><strong>J\u2019habite Bellegarde\u2011Poussieu depuis plus de trente ans<\/strong>.<\/p>\n\n\n\n<p>Je suis esth\u00e9ticienne depuis de nombreuses ann\u00e9es, un m\u00e9tier qui demande <strong>patience<\/strong>, <strong>\u00e9coute<\/strong> et <strong>sens du relationnel<\/strong>.<\/p>\n\n\n\n<p>Depuis dix\u2011huit ans, j\u2019exerce \u00e9galement comme coordinatrice d\u2019examen technique esth\u00e9tique pour le rectorat, une fonction qui renforce mon sens de l\u2019<strong>organisation<\/strong> et de la <strong>transmission<\/strong>.<\/p>\n\n\n\n<p>Tr\u00e8s investie dans la vie du village, j\u2019ai \u00e9t\u00e9 <strong>secr\u00e9taire de l\u2019association de la cantine<\/strong> pendant douze ans, <strong>repr\u00e9sentante des parents d\u2019\u00e9l\u00e8ves<\/strong>, et j\u2019occupe actuellement le poste de <strong>secr\u00e9taire de la Maison des Jeunes et de la Culture<\/strong> depuis trois ans.<\/p>\n\n\n\n<p>Depuis vingt\u2011cinq ans, je maquille aussi une troupe de th\u00e9\u00e2tre en patois, une activit\u00e9 qui nourrit ma <strong>cr\u00e9ativit\u00e9<\/strong> et mon <strong>attachement aux traditions locales<\/strong>.<\/p>\n\n\n\n<p><strong>Patiente<\/strong>, <strong>\u00e0 l\u2019\u00e9coute<\/strong> et <strong>tourn\u00e9e vers les autres<\/strong>, je souhaite m\u2019investir pleinement dans la commune afin de contribuer au <strong>d\u00e9veloppement du bien\u2011vivre ensemble<\/strong> et <strong>renforcer les liens<\/strong> entre habitants.<\/p>\n\n\n\n<figure class=\"wp-block-image aligncenter size-full is-resized\"><a href=\"https:\/\/ensemblepourbellegardepoussieu.fr\/index.php\/presentation-de-notre-equipe\/\"><img loading=\"lazy\" decoding=\"async\" width=\"500\" height=\"500\" src=\"http:\/\/ensemblepourbellegardepoussieu.fr\/wp-content\/uploads\/2026\/02\/notre-equipe-3.png\" alt=\"\" class=\"wp-image-39\" style=\"width:109px;height:auto\" srcset=\"https:\/\/ensemblepourbellegardepoussieu.fr\/wp-content\/uploads\/2026\/02\/notre-equipe-3.png 500w, https:\/\/ensemblepourbellegardepoussieu.fr\/wp-content\/uploads\/2026\/02\/notre-equipe-3-300x300.png 300w, https:\/\/ensemblepourbellegardepoussieu.fr\/wp-content\/uploads\/2026\/02\/notre-equipe-3-150x150.png 150w\" sizes=\"auto, (max-width: 500px) 100vw, 500px\" \/><\/a><\/figure>\n","protected":false},"excerpt":{"rendered":"<p>47 ans &#8211; en couple &#8211; maman de deux enfants J\u2019habite Bellegarde\u2011Poussieu depuis plus de trente ans. Je suis esth\u00e9ticienne depuis de nombreuses ann\u00e9es, un m\u00e9tier qui demande patience, \u00e9coute et sens du relationnel. Depuis dix\u2011huit ans, j\u2019exerce \u00e9galement comme coordinatrice d\u2019examen technique esth\u00e9tique pour le rectorat, une fonction qui renforce mon sens de l\u2019organisation [&hellip;]<\/p>\n","protected":false},"author":1,"featured_media":0,"parent":0,"menu_order":0,"comment_status":"closed","ping_status":"closed","template":"","meta":{"footnotes":""},"class_list":["post-261","page","type-page","status-publish","hentry"],"_links":{"self":[{"href":"https:\/\/ensemblepourbellegardepoussieu.fr\/index.php\/wp-json\/wp\/v2\/pages\/261","targetHints":{"allow":["GET"]}}],"collection":[{"href":"https:\/\/ensemblepourbellegardepoussieu.fr\/index.php\/wp-json\/wp\/v2\/pages"}],"about":[{"href":"https:\/\/ensemblepourbellegardepoussieu.fr\/index.php\/wp-json\/wp\/v2\/types\/page"}],"author":[{"embeddable":true,"href":"https:\/\/ensemblepourbellegardepoussieu.fr\/index.php\/wp-json\/wp\/v2\/users\/1"}],"replies":[{"embeddable":true,"href":"https:\/\/ensemblepourbellegardepoussieu.fr\/index.php\/wp-json\/wp\/v2\/comments?post=261"}],"version-history":[{"count":2,"href":"https:\/\/ensemblepourbellegardepoussieu.fr\/index.php\/wp-json\/wp\/v2\/pages\/261\/revisions"}],"predecessor-version":[{"id":277,"href":"https:\/\/ensemblepourbellegardepoussieu.fr\/index.php\/wp-json\/wp\/v2\/pages\/261\/revisions\/277"}],"wp:attachment":[{"href":"https:\/\/ensemblepourbellegardepoussieu.fr\/index.php\/wp-json\/wp\/v2\/media?parent=261"}],"curies":[{"name":"wp","href":"https:\/\/api.w.org\/{rel}","templated":true}]}}