{"id":246,"date":"2026-02-20T08:27:27","date_gmt":"2026-02-20T07:27:27","guid":{"rendered":"https:\/\/ensemblepourbellegardepoussieu.fr\/?page_id=246"},"modified":"2026-02-20T09:13:33","modified_gmt":"2026-02-20T08:13:33","slug":"fabrice-moucheroud","status":"publish","type":"page","link":"https:\/\/ensemblepourbellegardepoussieu.fr\/index.php\/fabrice-moucheroud\/","title":{"rendered":"Fabrice Moucheroud"},"content":{"rendered":"\n<div class=\"wp-block-group is-nowrap is-layout-flex wp-container-core-group-is-layout-6c531013 wp-block-group-is-layout-flex\">\n<figure class=\"wp-block-image size-large\"><img loading=\"lazy\" decoding=\"async\" width=\"1024\" height=\"679\" src=\"https:\/\/ensemblepourbellegardepoussieu.fr\/wp-content\/uploads\/2026\/02\/Fabrice-1-1024x679.jpg\" alt=\"\" class=\"wp-image-247\" srcset=\"https:\/\/ensemblepourbellegardepoussieu.fr\/wp-content\/uploads\/2026\/02\/Fabrice-1-1024x679.jpg 1024w, https:\/\/ensemblepourbellegardepoussieu.fr\/wp-content\/uploads\/2026\/02\/Fabrice-1-300x199.jpg 300w, https:\/\/ensemblepourbellegardepoussieu.fr\/wp-content\/uploads\/2026\/02\/Fabrice-1-768x509.jpg 768w, https:\/\/ensemblepourbellegardepoussieu.fr\/wp-content\/uploads\/2026\/02\/Fabrice-1-1536x1018.jpg 1536w, https:\/\/ensemblepourbellegardepoussieu.fr\/wp-content\/uploads\/2026\/02\/Fabrice-1-2048x1357.jpg 2048w\" sizes=\"auto, (max-width: 1024px) 100vw, 1024px\" \/><\/figure>\n\n\n\n<h6 class=\"wp-block-heading\">55 ans &#8211; s\u00e9par\u00e9 &#8211; papa de deux enfants et papy<br>de deux petits\u2011enfants<\/h6>\n<\/div>\n\n\n\n<p><strong>Je suis originaire de Bellegarde\u2011Poussieu<\/strong>, o\u00f9 j\u2019ai pass\u00e9 une grande partie de ma vie. Je suis rest\u00e9 tr\u00e8s attach\u00e9 \u00e0 notre village.<\/p>\n\n\n\n<p>Je me suis investi dans la <strong>vie communale<\/strong> en tant que <strong>conseiller municipal<\/strong> de <strong>1995 \u00e0 2001<\/strong>, puis comme <strong>adjoint<\/strong> de <strong>2008 \u00e0 2014<\/strong>. Ces ann\u00e9es m\u2019ont apport\u00e9 une <strong>solide exp\u00e9rience<\/strong> de la <strong>gestion locale<\/strong> et du travail au<br>service des habitants.<\/p>\n\n\n\n<p>J\u2019ai \u00e9galement \u00e9t\u00e9 <strong>pr\u00e9sident de l\u2019association de la cantine<\/strong> pendant deux ans, un engagement qui m\u2019a permis de contribuer \u00e0 la <strong>vie scolaire et associative<\/strong> du village.<\/p>\n\n\n\n<p><strong>Pers\u00e9v\u00e9rant<\/strong> et <strong>impliqu\u00e9<\/strong>, j\u2019ai \u00e0 c\u0153ur de participer \u00e0 la <strong>redynamisation du centre-village<\/strong>, en m\u2019appuyant sur une <strong>\u00e9quipe motiv\u00e9e<\/strong>, <strong>active<\/strong> et tourn\u00e9e vers des <strong>projets utiles \u00e0 tous<\/strong>.<\/p>\n\n\n\n<figure class=\"wp-block-image aligncenter size-full is-resized\"><a href=\"https:\/\/ensemblepourbellegardepoussieu.fr\/index.php\/presentation-de-notre-equipe\/\"><img loading=\"lazy\" decoding=\"async\" width=\"500\" height=\"500\" src=\"http:\/\/ensemblepourbellegardepoussieu.fr\/wp-content\/uploads\/2026\/02\/notre-equipe-3.png\" alt=\"\" class=\"wp-image-39\" style=\"width:109px;height:auto\" srcset=\"https:\/\/ensemblepourbellegardepoussieu.fr\/wp-content\/uploads\/2026\/02\/notre-equipe-3.png 500w, https:\/\/ensemblepourbellegardepoussieu.fr\/wp-content\/uploads\/2026\/02\/notre-equipe-3-300x300.png 300w, https:\/\/ensemblepourbellegardepoussieu.fr\/wp-content\/uploads\/2026\/02\/notre-equipe-3-150x150.png 150w\" sizes=\"auto, (max-width: 500px) 100vw, 500px\" \/><\/a><\/figure>\n","protected":false},"excerpt":{"rendered":"<p>55 ans &#8211; s\u00e9par\u00e9 &#8211; papa de deux enfants et papyde deux petits\u2011enfants Je suis originaire de Bellegarde\u2011Poussieu, o\u00f9 j\u2019ai pass\u00e9 une grande partie de ma vie. Je suis rest\u00e9 tr\u00e8s attach\u00e9 \u00e0 notre village. Je me suis investi dans la vie communale en tant que conseiller municipal de 1995 \u00e0 2001, puis comme adjoint [&hellip;]<\/p>\n","protected":false},"author":1,"featured_media":0,"parent":0,"menu_order":0,"comment_status":"closed","ping_status":"closed","template":"","meta":{"footnotes":""},"class_list":["post-246","page","type-page","status-publish","hentry"],"_links":{"self":[{"href":"https:\/\/ensemblepourbellegardepoussieu.fr\/index.php\/wp-json\/wp\/v2\/pages\/246","targetHints":{"allow":["GET"]}}],"collection":[{"href":"https:\/\/ensemblepourbellegardepoussieu.fr\/index.php\/wp-json\/wp\/v2\/pages"}],"about":[{"href":"https:\/\/ensemblepourbellegardepoussieu.fr\/index.php\/wp-json\/wp\/v2\/types\/page"}],"author":[{"embeddable":true,"href":"https:\/\/ensemblepourbellegardepoussieu.fr\/index.php\/wp-json\/wp\/v2\/users\/1"}],"replies":[{"embeddable":true,"href":"https:\/\/ensemblepourbellegardepoussieu.fr\/index.php\/wp-json\/wp\/v2\/comments?post=246"}],"version-history":[{"count":3,"href":"https:\/\/ensemblepourbellegardepoussieu.fr\/index.php\/wp-json\/wp\/v2\/pages\/246\/revisions"}],"predecessor-version":[{"id":279,"href":"https:\/\/ensemblepourbellegardepoussieu.fr\/index.php\/wp-json\/wp\/v2\/pages\/246\/revisions\/279"}],"wp:attachment":[{"href":"https:\/\/ensemblepourbellegardepoussieu.fr\/index.php\/wp-json\/wp\/v2\/media?parent=246"}],"curies":[{"name":"wp","href":"https:\/\/api.w.org\/{rel}","templated":true}]}}