{"id":2,"date":"2026-02-07T13:09:21","date_gmt":"2026-02-07T13:09:21","guid":{"rendered":"http:\/\/ensemblepourbellegardepoussieu.fr\/?page_id=2"},"modified":"2026-02-19T08:25:52","modified_gmt":"2026-02-19T07:25:52","slug":"objectifs","status":"publish","type":"page","link":"https:\/\/ensemblepourbellegardepoussieu.fr\/index.php\/objectifs\/","title":{"rendered":"Pour Bellegarde-Poussieu, pour vous !"},"content":{"rendered":"\n<p>L&rsquo;objectif de notre liste est d&rsquo;<strong>accompagner Bellegarde-Poussieu<\/strong>, de mani\u00e8re <strong>collective<\/strong> et <strong>constructive<\/strong> dans un esprit de dialogue.<\/p>\n\n\n\n<p>\u00catre au plus proche de chaque habitant, nous avons la <strong>volont\u00e9 de servir<\/strong> et d&rsquo;<strong>am\u00e9liorer le quotidien<\/strong> des villageois de notre commune.<\/p>\n\n\n\n<p>D\u00e9velopper <strong>l&rsquo;attractivit\u00e9<\/strong> du village en lui donnant un nouveau dynamisme.<\/p>\n\n\n\n<p>Une seule personne &#8211; m\u00eame tr\u00e8s pr\u00e9sente sur le village &#8211; ne peut assumer seule. Nous croyons en une <strong>mobilisation collective<\/strong> pour faire avancer les choses !<\/p>\n\n\n\n<p>Pour cela, nous voulons <strong>renforcer les moyens de communication<\/strong> avec les Poussieuroises et les Poussieurois en utilisant des supports vari\u00e9s et surtout accessibles de tous.<\/p>\n\n\n\n<p>Nos projets feront l&rsquo;objet d&rsquo;une <strong>information transparente<\/strong> fond\u00e9e sur des \u00e9l\u00e9ments concrets et v\u00e9rifiable.<\/p>\n\n\n\n<p>Notre \u00e9quipe souhaite une <strong>gestion saine<\/strong>, <strong>rigoureuse<\/strong> et <strong>responsable<\/strong> des finances communales. Ce <strong>fonctionnement<\/strong> &#8211; bas\u00e9 sur le <strong>collectif<\/strong> &#8211; tiendra compte du contexte budg\u00e9taire soumis \u00e0 des contraintes fortes.<\/p>\n\n\n\n<p>Nos axes de travail :<\/p>\n\n\n\n<div class=\"wp-block-group has-global-padding is-layout-constrained wp-block-group-is-layout-constrained\">\n<details class=\"wp-block-details is-layout-flow wp-block-details-is-layout-flow\"><summary><strong>Dynamiser le village<\/strong><\/summary>\n<ul class=\"wp-block-list\">\n<li>Trouver des solutions pour favoriser et maintenir des commerces<\/li>\n\n\n\n<li>D\u00e9velopper et p\u00e9renniser le march\u00e9 local<\/li>\n\n\n\n<li>Encourager les initiatives afin cr\u00e9er de l&rsquo;animation au coeur du bourg<\/li>\n<\/ul>\n<\/details>\n\n\n\n<details class=\"wp-block-details is-layout-flow wp-block-details-is-layout-flow\"><summary><strong>S\u00e9curiser le village<\/strong><\/summary>\n<ul class=\"wp-block-list\">\n<li>Renforcer en particulier la s\u00e9curit\u00e9 routi\u00e8re en collaboration avec EBER et le D\u00e9partement.<\/li>\n\n\n\n<li>Etudier l&rsquo;apport de la vid\u00e9o-surveillance<\/li>\n<\/ul>\n<\/details>\n\n\n\n<details class=\"wp-block-details is-layout-flow wp-block-details-is-layout-flow\"><summary><strong>Aider nos seniors<\/strong><\/summary>\n<ul class=\"wp-block-list\">\n<li>Consolider les d\u00e9marches visant \u00e0 accompagner nos plus anciens dans leur quotidien<\/li>\n\n\n\n<li>Ne laisser personne de c\u00f4t\u00e9, notamment pour le repas annuel offert par la municipalit\u00e9<\/li>\n<\/ul>\n<\/details>\n<\/div>\n\n\n\n<details class=\"wp-block-details is-layout-flow wp-block-details-is-layout-flow\"><summary><strong>Accompagner la jeunesse et vie scolaire<\/strong><\/summary>\n<ul class=\"wp-block-list\">\n<li>Soutenir le Conseil Municipal des Enfants<\/li>\n\n\n\n<li>\u00catre au plus proche des \u00e9l\u00e8ves, des parents et de l&rsquo;\u00e9quipe \u00e9ducative<\/li>\n\n\n\n<li>Comprendre, expliquer et apaiser<\/li>\n<\/ul>\n<\/details>\n\n\n\n<details class=\"wp-block-details is-layout-flow wp-block-details-is-layout-flow\"><summary><strong>Soutenir les initiatives des associations<\/strong><\/summary>\n<ul class=\"wp-block-list\">\n<li>Encourager les projets citoyens. Soutenir les initiatives culturelles, sportives et festives.<\/li>\n\n\n\n<li>Les associations repr\u00e9sentent un \u00e9l\u00e9ment essentiel de la vie du village<\/li>\n<\/ul>\n<\/details>\n\n\n\n<details class=\"wp-block-details is-layout-flow wp-block-details-is-layout-flow\"><summary><strong>Garantir des finances saines<\/strong><\/summary>\n<ul class=\"wp-block-list\">\n<li>Baisser les indemnit\u00e9s des \u00e9lus de <strong>50%<\/strong><\/li>\n\n\n\n<li>Analyser la situation financi\u00e8re de la Commune (d\u00e9penses\/recettes)<\/li>\n\n\n\n<li>Rechercher des solutions d&rsquo;optimisation, <strong>sans toucher aux imp\u00f4ts locaux<\/strong><\/li>\n<\/ul>\n\n\n\n<p><br><\/p>\n<\/details>\n\n\n\n<p>.<\/p>\n","protected":false},"excerpt":{"rendered":"<p>L&rsquo;objectif de notre liste est d&rsquo;accompagner Bellegarde-Poussieu, de mani\u00e8re collective et constructive dans un esprit de dialogue. \u00catre au plus proche de chaque habitant, nous avons la volont\u00e9 de servir et d&rsquo;am\u00e9liorer le quotidien des villageois de notre commune. D\u00e9velopper l&rsquo;attractivit\u00e9 du village en lui donnant un nouveau dynamisme. Une seule personne &#8211; m\u00eame tr\u00e8s [&hellip;]<\/p>\n","protected":false},"author":1,"featured_media":0,"parent":0,"menu_order":0,"comment_status":"closed","ping_status":"open","template":"","meta":{"footnotes":""},"class_list":["post-2","page","type-page","status-publish","hentry"],"_links":{"self":[{"href":"https:\/\/ensemblepourbellegardepoussieu.fr\/index.php\/wp-json\/wp\/v2\/pages\/2","targetHints":{"allow":["GET"]}}],"collection":[{"href":"https:\/\/ensemblepourbellegardepoussieu.fr\/index.php\/wp-json\/wp\/v2\/pages"}],"about":[{"href":"https:\/\/ensemblepourbellegardepoussieu.fr\/index.php\/wp-json\/wp\/v2\/types\/page"}],"author":[{"embeddable":true,"href":"https:\/\/ensemblepourbellegardepoussieu.fr\/index.php\/wp-json\/wp\/v2\/users\/1"}],"replies":[{"embeddable":true,"href":"https:\/\/ensemblepourbellegardepoussieu.fr\/index.php\/wp-json\/wp\/v2\/comments?post=2"}],"version-history":[{"count":8,"href":"https:\/\/ensemblepourbellegardepoussieu.fr\/index.php\/wp-json\/wp\/v2\/pages\/2\/revisions"}],"predecessor-version":[{"id":209,"href":"https:\/\/ensemblepourbellegardepoussieu.fr\/index.php\/wp-json\/wp\/v2\/pages\/2\/revisions\/209"}],"wp:attachment":[{"href":"https:\/\/ensemblepourbellegardepoussieu.fr\/index.php\/wp-json\/wp\/v2\/media?parent=2"}],"curies":[{"name":"wp","href":"https:\/\/api.w.org\/{rel}","templated":true}]}}