{"id":180,"date":"2026-02-19T07:06:27","date_gmt":"2026-02-19T06:06:27","guid":{"rendered":"https:\/\/ensemblepourbellegardepoussieu.fr\/?page_id=180"},"modified":"2026-02-20T08:42:12","modified_gmt":"2026-02-20T07:42:12","slug":"pauline-duclaud","status":"publish","type":"page","link":"https:\/\/ensemblepourbellegardepoussieu.fr\/index.php\/pauline-duclaud\/","title":{"rendered":"Pauline Duclaud"},"content":{"rendered":"\n<div class=\"wp-block-group is-nowrap is-layout-flex wp-container-core-group-is-layout-6c531013 wp-block-group-is-layout-flex\">\n<figure class=\"wp-block-image size-large\"><img loading=\"lazy\" decoding=\"async\" width=\"1024\" height=\"682\" src=\"https:\/\/ensemblepourbellegardepoussieu.fr\/wp-content\/uploads\/2026\/02\/Pauline-2-1024x682.jpg\" alt=\"\" class=\"wp-image-183\" srcset=\"https:\/\/ensemblepourbellegardepoussieu.fr\/wp-content\/uploads\/2026\/02\/Pauline-2-1024x682.jpg 1024w, https:\/\/ensemblepourbellegardepoussieu.fr\/wp-content\/uploads\/2026\/02\/Pauline-2-300x200.jpg 300w, https:\/\/ensemblepourbellegardepoussieu.fr\/wp-content\/uploads\/2026\/02\/Pauline-2-768x512.jpg 768w, https:\/\/ensemblepourbellegardepoussieu.fr\/wp-content\/uploads\/2026\/02\/Pauline-2-1536x1023.jpg 1536w, https:\/\/ensemblepourbellegardepoussieu.fr\/wp-content\/uploads\/2026\/02\/Pauline-2-2048x1365.jpg 2048w\" sizes=\"auto, (max-width: 1024px) 100vw, 1024px\" \/><\/figure>\n\n\n\n<h6 class=\"wp-block-heading\">44 ans &#8211; Mari\u00e9e &#8211; Maman de 3 enfants<\/h6>\n<\/div>\n\n\n\n<p>J&rsquo;<strong>habite Bellegarde-Poussieu depuis dix-sept ans<\/strong>. Je travaille comme technicienne de laboratoire, un m\u00e9tier qui demande <strong>rigueur<\/strong>, <strong>m\u00e9thode<\/strong> et <strong>pr\u00e9cision<\/strong>, des qualit\u00e9s que j&rsquo;applique \u00e9galement dans mes engagements personnels.<\/p>\n\n\n\n<p>Tr\u00e8s investie dans la vie du village, je suis <strong>pr\u00e9sidente du SOU des \u00e9coles<\/strong> depuis dix ans et <strong>b\u00e9n\u00e9vole \u00e0 la biblioth\u00e8que<\/strong> depuis deux ans.<\/p>\n\n\n\n<p>Ces engagements me permettent de <strong>soutenir les familles<\/strong>, de participer \u00e0 la <strong>vie scolaire<\/strong> et de contribuer \u00e0 l&rsquo;<strong>acc\u00e8s \u00e0 la culture<\/strong>.<\/p>\n\n\n\n<p>L&rsquo;\u00e9ducation et l&rsquo;\u00e9cole occupent une place essentielle pour moi, je m&rsquo;attache \u00e0 <strong>aider les enfants<\/strong>, de les accompagner et de favoriser un <strong>environnement propice \u00e0 leur d\u00e9veloppement<\/strong>.<\/p>\n\n\n\n<p>L&rsquo;<strong>\u00e9coute<\/strong> et l&rsquo;<strong>engagement<\/strong> sont au c\u0153ur de ma mani\u00e8re d&rsquo;agir, aussi bien dans mon activit\u00e9 professionnelle que dans ma <strong>participation \u00e0 la vie communale<\/strong>.<\/p>\n\n\n\n<figure class=\"wp-block-image aligncenter size-full is-resized\"><a href=\"https:\/\/ensemblepourbellegardepoussieu.fr\/index.php\/presentation-de-notre-equipe\/\"><img loading=\"lazy\" decoding=\"async\" width=\"500\" height=\"500\" src=\"http:\/\/ensemblepourbellegardepoussieu.fr\/wp-content\/uploads\/2026\/02\/notre-equipe-3.png\" alt=\"\" class=\"wp-image-39\" style=\"width:109px;height:auto\" srcset=\"https:\/\/ensemblepourbellegardepoussieu.fr\/wp-content\/uploads\/2026\/02\/notre-equipe-3.png 500w, https:\/\/ensemblepourbellegardepoussieu.fr\/wp-content\/uploads\/2026\/02\/notre-equipe-3-300x300.png 300w, https:\/\/ensemblepourbellegardepoussieu.fr\/wp-content\/uploads\/2026\/02\/notre-equipe-3-150x150.png 150w\" sizes=\"auto, (max-width: 500px) 100vw, 500px\" \/><\/a><\/figure>\n","protected":false},"excerpt":{"rendered":"<p>44 ans &#8211; Mari\u00e9e &#8211; Maman de 3 enfants J&rsquo;habite Bellegarde-Poussieu depuis dix-sept ans. Je travaille comme technicienne de laboratoire, un m\u00e9tier qui demande rigueur, m\u00e9thode et pr\u00e9cision, des qualit\u00e9s que j&rsquo;applique \u00e9galement dans mes engagements personnels. Tr\u00e8s investie dans la vie du village, je suis pr\u00e9sidente du SOU des \u00e9coles depuis dix ans et [&hellip;]<\/p>\n","protected":false},"author":1,"featured_media":0,"parent":0,"menu_order":0,"comment_status":"closed","ping_status":"closed","template":"","meta":{"footnotes":""},"class_list":["post-180","page","type-page","status-publish","hentry"],"_links":{"self":[{"href":"https:\/\/ensemblepourbellegardepoussieu.fr\/index.php\/wp-json\/wp\/v2\/pages\/180","targetHints":{"allow":["GET"]}}],"collection":[{"href":"https:\/\/ensemblepourbellegardepoussieu.fr\/index.php\/wp-json\/wp\/v2\/pages"}],"about":[{"href":"https:\/\/ensemblepourbellegardepoussieu.fr\/index.php\/wp-json\/wp\/v2\/types\/page"}],"author":[{"embeddable":true,"href":"https:\/\/ensemblepourbellegardepoussieu.fr\/index.php\/wp-json\/wp\/v2\/users\/1"}],"replies":[{"embeddable":true,"href":"https:\/\/ensemblepourbellegardepoussieu.fr\/index.php\/wp-json\/wp\/v2\/comments?post=180"}],"version-history":[{"count":2,"href":"https:\/\/ensemblepourbellegardepoussieu.fr\/index.php\/wp-json\/wp\/v2\/pages\/180\/revisions"}],"predecessor-version":[{"id":259,"href":"https:\/\/ensemblepourbellegardepoussieu.fr\/index.php\/wp-json\/wp\/v2\/pages\/180\/revisions\/259"}],"wp:attachment":[{"href":"https:\/\/ensemblepourbellegardepoussieu.fr\/index.php\/wp-json\/wp\/v2\/media?parent=180"}],"curies":[{"name":"wp","href":"https:\/\/api.w.org\/{rel}","templated":true}]}}