{"id":158,"date":"2026-02-24T08:41:11","date_gmt":"2026-02-24T07:41:11","guid":{"rendered":"https:\/\/ensemblepourbellegardepoussieu.fr\/?page_id=158"},"modified":"2026-03-10T16:01:59","modified_gmt":"2026-03-10T15:01:59","slug":"des-indemnites-raisonnees","status":"publish","type":"page","link":"https:\/\/ensemblepourbellegardepoussieu.fr\/index.php\/des-indemnites-raisonnees\/","title":{"rendered":"Des indemnit\u00e9s raisonn\u00e9es pour des \u00e9lus engag\u00e9s"},"content":{"rendered":"\n<h4 class=\"wp-block-heading\"><strong><em>\u00ab La fonction d\u2019\u00e9lu est un engagement, pas une rente. \u00bb<\/em><\/strong><\/h4>\n\n\n\n<p>Pour ces \u00e9lections municipales, Bellegarde-Poussieu avec 1.015 habitants passe une tranche d\u00e9mographique.<\/p>\n\n\n\n<p><em><strong>Cela impacte directement les montants des indemnit\u00e9s des \u00e9lus<\/strong><\/em><\/p>\n\n\n\n<p><\/p>\n\n\n\n<p>Petit rappel historique :<\/p>\n\n\n\n<p>D&rsquo;apr\u00e8s le compte-rendu du <a href=\"https:\/\/bellegarde-poussieu.fr\/wp-content\/uploads\/sites\/371\/2018\/01\/Cpte-rendu-CM-du-260520.pdf\">conseil municipal du 26 mai 2020<\/a>, installant le conseil actuellement en poste, voici les indemnit\u00e9s des \u00e9lus (avec r\u00e9\u00e9valuation successive pour arriver aux montants 2025) :<\/p>\n\n\n\n<figure class=\"wp-block-table\"><table class=\"has-fixed-layout\"><tbody><tr><td class=\"has-text-align-center\" data-align=\"center\"><strong>Ann\u00e9e<\/strong><\/td><td class=\"has-text-align-center\" data-align=\"center\"><strong>Maire<\/strong><\/td><td class=\"has-text-align-center\" data-align=\"center\"><strong>Adjoint<\/strong><\/td><td class=\"has-text-align-center\" data-align=\"center\"><strong>Charges mensuelles<\/strong><\/td><td class=\"has-text-align-center\" data-align=\"center\"><strong>Charges annuelles<\/strong><\/td><\/tr><tr><td class=\"has-text-align-center\" data-align=\"center\">2020<\/td><td class=\"has-text-align-center\" data-align=\"center\">1.567\u20ac<\/td><td class=\"has-text-align-center\" data-align=\"center\">416\u20ac<\/td><td class=\"has-text-align-center\" data-align=\"center\">3.232\u20ac<\/td><td class=\"has-text-align-center\" data-align=\"center\">38.785\u20ac<\/td><\/tr><tr><td class=\"has-text-align-center\" data-align=\"center\">2025<\/td><td class=\"has-text-align-center\" data-align=\"center\">1.654\u20ac<\/td><td class=\"has-text-align-center\" data-align=\"center\">440\u20ac<\/td><td class=\"has-text-align-center\" data-align=\"center\">3.416\u20ac<\/td><td class=\"has-text-align-center\" data-align=\"center\">40.990\u20ac<\/td><\/tr><\/tbody><\/table><\/figure>\n\n\n\n<p>Les \u00e9lus actuels ont une quotit\u00e9 totale (100%) selon d\u00e9lib\u00e9ration.<\/p>\n\n\n\n<p>Le passage de tranche occasionne <strong>un accroissement significatif de ces indemnit\u00e9s.<\/strong><\/p>\n\n\n\n<p>Dans l&rsquo;hypoth\u00e8se d&rsquo;une quotit\u00e9 pleine, voici le pr\u00e9visionnel 2026 :<\/p>\n\n\n\n<figure class=\"wp-block-table\"><table class=\"has-fixed-layout\"><tbody><tr><td class=\"has-text-align-center\" data-align=\"center\"><strong>Quotit\u00e9<\/strong><\/td><td class=\"has-text-align-center\" data-align=\"center\"><strong>Maire<\/strong><\/td><td class=\"has-text-align-center\" data-align=\"center\"><strong>Adjoint<\/strong><\/td><td class=\"has-text-align-center\" data-align=\"center\"><strong>Charges mensuelles<\/strong><\/td><td class=\"has-text-align-center\" data-align=\"center\"><strong>Charges annuelles<\/strong><\/td><\/tr><tr><td class=\"has-text-align-center\" data-align=\"center\">100%<\/td><td class=\"has-text-align-center\" data-align=\"center\">2.289\u20ac<\/td><td class=\"has-text-align-center\" data-align=\"center\">879\u20ac<\/td><td class=\"has-text-align-center\" data-align=\"center\">5.805\u20ac<\/td><td class=\"has-text-align-center\" data-align=\"center\">69.658\u20ac<\/td><\/tr><\/tbody><\/table><\/figure>\n\n\n\n<p><strong>Le budget communal accuserait une inflation de 70% des indemnit\u00e9s<\/strong>.<\/p>\n\n\n\n<p><strong>Sur 6 ans, cela constitue un surplus de 172.000\u20ac.<\/strong><\/p>\n\n\n\n<p><strong>Notre proposition<\/strong><\/p>\n\n\n\n<p>Nos \u00e9lus indemnis\u00e9s font le choix de prendre une quotit\u00e9 \u00e0 60% afin de maintenir le niveau actuel.<\/p>\n\n\n\n<p>D\u00e8s lors voici, ce que nous soumettrions au vote d&rsquo;une d\u00e9lib\u00e9ration :<\/p>\n\n\n\n<figure class=\"wp-block-table\"><table class=\"has-fixed-layout\"><tbody><tr><td class=\"has-text-align-center\" data-align=\"center\"><strong>Quotit\u00e9<\/strong><\/td><td class=\"has-text-align-center\" data-align=\"center\"><strong>Maire<\/strong><\/td><td class=\"has-text-align-center\" data-align=\"center\"><strong>Adjoint<\/strong><\/td><td class=\"has-text-align-center\" data-align=\"center\"><strong>Charges mensuelles<\/strong><\/td><td class=\"has-text-align-center\" data-align=\"center\"><strong>Charges annuelles<\/strong><\/td><\/tr><tr><td class=\"has-text-align-center\" data-align=\"center\">60%<\/td><td class=\"has-text-align-center\" data-align=\"center\">1.374\u20ac<\/td><td class=\"has-text-align-center\" data-align=\"center\">527\u20ac<\/td><td class=\"has-text-align-center\" data-align=\"center\">3.482\u20ac<\/td><td class=\"has-text-align-center\" data-align=\"center\">41.795\u20ac<\/td><\/tr><\/tbody><\/table><\/figure>\n\n\n\n<p><strong>De la sorte, nous maintenons un budget des \u00e9lus tr\u00e8s proche de celui de 2025<\/strong><\/p>\n\n\n\n<p><strong>Cette mesure va dans notre esprit de rigueur budg\u00e9taire.<\/strong><\/p>\n","protected":false},"excerpt":{"rendered":"<p>\u00ab La fonction d\u2019\u00e9lu est un engagement, pas une rente. \u00bb Pour ces \u00e9lections municipales, Bellegarde-Poussieu avec 1.015 habitants passe une tranche d\u00e9mographique. Cela impacte directement les montants des indemnit\u00e9s des \u00e9lus Petit rappel historique : D&rsquo;apr\u00e8s le compte-rendu du conseil municipal du 26 mai 2020, installant le conseil actuellement en poste, voici les indemnit\u00e9s [&hellip;]<\/p>\n","protected":false},"author":1,"featured_media":0,"parent":0,"menu_order":0,"comment_status":"closed","ping_status":"closed","template":"","meta":{"footnotes":""},"class_list":["post-158","page","type-page","status-publish","hentry"],"_links":{"self":[{"href":"https:\/\/ensemblepourbellegardepoussieu.fr\/index.php\/wp-json\/wp\/v2\/pages\/158","targetHints":{"allow":["GET"]}}],"collection":[{"href":"https:\/\/ensemblepourbellegardepoussieu.fr\/index.php\/wp-json\/wp\/v2\/pages"}],"about":[{"href":"https:\/\/ensemblepourbellegardepoussieu.fr\/index.php\/wp-json\/wp\/v2\/types\/page"}],"author":[{"embeddable":true,"href":"https:\/\/ensemblepourbellegardepoussieu.fr\/index.php\/wp-json\/wp\/v2\/users\/1"}],"replies":[{"embeddable":true,"href":"https:\/\/ensemblepourbellegardepoussieu.fr\/index.php\/wp-json\/wp\/v2\/comments?post=158"}],"version-history":[{"count":9,"href":"https:\/\/ensemblepourbellegardepoussieu.fr\/index.php\/wp-json\/wp\/v2\/pages\/158\/revisions"}],"predecessor-version":[{"id":337,"href":"https:\/\/ensemblepourbellegardepoussieu.fr\/index.php\/wp-json\/wp\/v2\/pages\/158\/revisions\/337"}],"wp:attachment":[{"href":"https:\/\/ensemblepourbellegardepoussieu.fr\/index.php\/wp-json\/wp\/v2\/media?parent=158"}],"curies":[{"name":"wp","href":"https:\/\/api.w.org\/{rel}","templated":true}]}}