{"id":146,"date":"2026-02-17T23:14:25","date_gmt":"2026-02-17T22:14:25","guid":{"rendered":"https:\/\/ensemblepourbellegardepoussieu.fr\/?page_id=146"},"modified":"2026-02-20T08:40:49","modified_gmt":"2026-02-20T07:40:49","slug":"florence-bannier","status":"publish","type":"page","link":"https:\/\/ensemblepourbellegardepoussieu.fr\/index.php\/florence-bannier\/","title":{"rendered":"Florence Bannier"},"content":{"rendered":"\n<div class=\"wp-block-group is-nowrap is-layout-flex wp-container-core-group-is-layout-6c531013 wp-block-group-is-layout-flex\">\n<figure class=\"wp-block-image size-large\"><img loading=\"lazy\" decoding=\"async\" width=\"1024\" height=\"664\" src=\"http:\/\/ensemblepourbellegardepoussieu.fr\/wp-content\/uploads\/2026\/02\/Florence-1024x664.jpg\" alt=\"\" class=\"wp-image-116\" srcset=\"https:\/\/ensemblepourbellegardepoussieu.fr\/wp-content\/uploads\/2026\/02\/Florence-1024x664.jpg 1024w, https:\/\/ensemblepourbellegardepoussieu.fr\/wp-content\/uploads\/2026\/02\/Florence-300x195.jpg 300w, https:\/\/ensemblepourbellegardepoussieu.fr\/wp-content\/uploads\/2026\/02\/Florence-768x498.jpg 768w, https:\/\/ensemblepourbellegardepoussieu.fr\/wp-content\/uploads\/2026\/02\/Florence-1536x996.jpg 1536w, https:\/\/ensemblepourbellegardepoussieu.fr\/wp-content\/uploads\/2026\/02\/Florence-2048x1328.jpg 2048w\" sizes=\"auto, (max-width: 1024px) 100vw, 1024px\" \/><\/figure>\n\n\n\n<h6 class=\"wp-block-heading\">54 ans &#8211; Divorc\u00e9e &#8211; Maman de deux enfants et mamie d&rsquo;une petite-fille<\/h6>\n<\/div>\n\n\n\n<p>Je suis <strong>originaire de Bellegarde-Poussieu<\/strong>, un village auquel je suis profond\u00e9ment attach\u00e9e.<\/p>\n\n\n\n<p>J&rsquo;exerce le m\u00e9tier d&rsquo;assistante maternelle agr\u00e9\u00e9e depuis 28 ans, un travail qui me permet d&rsquo;\u00eatre chaque jour au <strong>contact des familles<\/strong> et de la <strong>vie locale<\/strong>.<\/p>\n\n\n\n<p>Depuis dix ans, j&rsquo;ai \u00e9galement d\u00e9velopp\u00e9 une activit\u00e9 ind\u00e9pendante, dans laquelle <strong>j&rsquo;encadre et accompagne une \u00e9quipe<\/strong>. Cette exp\u00e9rience m&rsquo;a permis de renforcer mes comp\u00e9tences en <strong>organisation<\/strong>, en <strong>coordination<\/strong> et dans l&rsquo;<strong>accompagnement des personnes<\/strong>.<\/p>\n\n\n\n<p>Mon exp\u00e9rience, tant personnelle que professionnelle, m&rsquo;a constamment amen\u00e9e \u00e0 travailler au <strong>contact des habitants<\/strong>, en privil\u00e9giant <strong>l&rsquo;\u00e9coute<\/strong>, la <strong>confiance<\/strong> et le <strong>respect<\/strong>.<\/p>\n\n\n\n<p>Aujourd&rsquo;hui, je souhaite mettre cette exp\u00e9rience humaine, cette proximit\u00e9 avec les familles et cette connaissance du village <strong>au service de notre commune<\/strong>.<\/p>\n\n\n\n<figure class=\"wp-block-image aligncenter size-full is-resized\"><a href=\"https:\/\/ensemblepourbellegardepoussieu.fr\/index.php\/presentation-de-notre-equipe\/\"><img loading=\"lazy\" decoding=\"async\" width=\"500\" height=\"500\" src=\"http:\/\/ensemblepourbellegardepoussieu.fr\/wp-content\/uploads\/2026\/02\/notre-equipe-3.png\" alt=\"\" class=\"wp-image-39\" style=\"width:109px;height:auto\" srcset=\"https:\/\/ensemblepourbellegardepoussieu.fr\/wp-content\/uploads\/2026\/02\/notre-equipe-3.png 500w, https:\/\/ensemblepourbellegardepoussieu.fr\/wp-content\/uploads\/2026\/02\/notre-equipe-3-300x300.png 300w, https:\/\/ensemblepourbellegardepoussieu.fr\/wp-content\/uploads\/2026\/02\/notre-equipe-3-150x150.png 150w\" sizes=\"auto, (max-width: 500px) 100vw, 500px\" \/><\/a><\/figure>\n","protected":false},"excerpt":{"rendered":"<p>54 ans &#8211; Divorc\u00e9e &#8211; Maman de deux enfants et mamie d&rsquo;une petite-fille Je suis originaire de Bellegarde-Poussieu, un village auquel je suis profond\u00e9ment attach\u00e9e. J&rsquo;exerce le m\u00e9tier d&rsquo;assistante maternelle agr\u00e9\u00e9e depuis 28 ans, un travail qui me permet d&rsquo;\u00eatre chaque jour au contact des familles et de la vie locale. Depuis dix ans, j&rsquo;ai [&hellip;]<\/p>\n","protected":false},"author":1,"featured_media":0,"parent":0,"menu_order":0,"comment_status":"closed","ping_status":"closed","template":"","meta":{"footnotes":""},"class_list":["post-146","page","type-page","status-publish","hentry"],"_links":{"self":[{"href":"https:\/\/ensemblepourbellegardepoussieu.fr\/index.php\/wp-json\/wp\/v2\/pages\/146","targetHints":{"allow":["GET"]}}],"collection":[{"href":"https:\/\/ensemblepourbellegardepoussieu.fr\/index.php\/wp-json\/wp\/v2\/pages"}],"about":[{"href":"https:\/\/ensemblepourbellegardepoussieu.fr\/index.php\/wp-json\/wp\/v2\/types\/page"}],"author":[{"embeddable":true,"href":"https:\/\/ensemblepourbellegardepoussieu.fr\/index.php\/wp-json\/wp\/v2\/users\/1"}],"replies":[{"embeddable":true,"href":"https:\/\/ensemblepourbellegardepoussieu.fr\/index.php\/wp-json\/wp\/v2\/comments?post=146"}],"version-history":[{"count":2,"href":"https:\/\/ensemblepourbellegardepoussieu.fr\/index.php\/wp-json\/wp\/v2\/pages\/146\/revisions"}],"predecessor-version":[{"id":257,"href":"https:\/\/ensemblepourbellegardepoussieu.fr\/index.php\/wp-json\/wp\/v2\/pages\/146\/revisions\/257"}],"wp:attachment":[{"href":"https:\/\/ensemblepourbellegardepoussieu.fr\/index.php\/wp-json\/wp\/v2\/media?parent=146"}],"curies":[{"name":"wp","href":"https:\/\/api.w.org\/{rel}","templated":true}]}}