{"id":130,"date":"2026-02-17T22:59:58","date_gmt":"2026-02-17T21:59:58","guid":{"rendered":"https:\/\/ensemblepourbellegardepoussieu.fr\/?page_id=130"},"modified":"2026-02-20T10:45:16","modified_gmt":"2026-02-20T09:45:16","slug":"cyril-aeck","status":"publish","type":"page","link":"https:\/\/ensemblepourbellegardepoussieu.fr\/index.php\/cyril-aeck\/","title":{"rendered":"Cyril Aeck"},"content":{"rendered":"\n<div class=\"wp-block-group is-nowrap is-layout-flex wp-container-core-group-is-layout-6c531013 wp-block-group-is-layout-flex\">\n<figure class=\"wp-block-image size-large is-style-default\"><img loading=\"lazy\" decoding=\"async\" width=\"1024\" height=\"640\" src=\"http:\/\/ensemblepourbellegardepoussieu.fr\/wp-content\/uploads\/2026\/02\/Cyril-1024x640.jpg\" alt=\"\" class=\"wp-image-115\" srcset=\"https:\/\/ensemblepourbellegardepoussieu.fr\/wp-content\/uploads\/2026\/02\/Cyril-1024x640.jpg 1024w, https:\/\/ensemblepourbellegardepoussieu.fr\/wp-content\/uploads\/2026\/02\/Cyril-300x187.jpg 300w, https:\/\/ensemblepourbellegardepoussieu.fr\/wp-content\/uploads\/2026\/02\/Cyril-768x480.jpg 768w, https:\/\/ensemblepourbellegardepoussieu.fr\/wp-content\/uploads\/2026\/02\/Cyril-1536x960.jpg 1536w, https:\/\/ensemblepourbellegardepoussieu.fr\/wp-content\/uploads\/2026\/02\/Cyril-2048x1280.jpg 2048w\" sizes=\"auto, (max-width: 1024px) 100vw, 1024px\" \/><\/figure>\n\n\n\n<h6 class=\"wp-block-heading\"><strong>45 ans &#8211; Mari\u00e9 &#8211; P\u00e8re de trois enfants <\/strong><\/h6>\n<\/div>\n\n\n\n<p><strong>Install\u00e9 \u00e0 Bellegarde-Poussieu depuis 2014<\/strong>, je suis pleinement investi dans la vie du village.<\/p>\n\n\n\n<p>Cadre de la fonction publique, je dirige une \u00e9quipe d&rsquo;une dizaine de personnes, d\u00e9veloppant ainsi <strong>mon sens des responsabilit\u00e9s<\/strong>, de la <strong>prise de d\u00e9cision<\/strong> et du <strong>travail en \u00e9quipe<\/strong>.<\/p>\n\n\n\n<p>Au sein de la vie locale, j&rsquo;ai \u00e9t\u00e9 <strong>pr\u00e9sident de l&rsquo;association de la cantine scolaire<\/strong> pendant quelques ann\u00e9es. Je suis \u00e0 ce jour <strong>repr\u00e9sentant des parents d&rsquo;\u00e9l\u00e8ves<\/strong> aupr\u00e8s de l&rsquo;\u00e9cole communale.<\/p>\n\n\n\n<p>Egalement, je suis <strong>\u00e9ducateur sportif <\/strong>depuis plusieurs saisons au sein d&rsquo;un club de foot voisin.<\/p>\n\n\n\n<p><strong>Entre 2018 et 2020<\/strong>, suite \u00e0 une \u00e9lection municipale partielle compl\u00e9mentaire, j&rsquo;ai \u00e9t\u00e9 \u00e9lu <strong>conseiller municipal<\/strong>. Toutefois, je n&rsquo;ai pas souhait\u00e9 renouveler l&rsquo;exp\u00e9rience \u00e0 l&rsquo;\u00e9poque suite \u00e0 certains d\u00e9saccords.<\/p>\n\n\n\n<p>Cette exp\u00e9rience m&rsquo;a n\u00e9anmoins permis d&rsquo;\u00eatre au <strong>contact direct des habitants<\/strong> et de mieux appr\u00e9hender le fonctionnement communal, ainsi que l&rsquo;importance d&rsquo;un <strong>travail collectif<\/strong> et l&rsquo;<strong>engagement de b\u00e9n\u00e9voles<\/strong>.<\/p>\n\n\n\n<p>Mon parcours professionnel m&rsquo;a amen\u00e9 \u00e0 travailler sur des sujets li\u00e9s aux <strong>politiques publiques<\/strong> et \u00e0 la <strong>gestion budg\u00e9taire<\/strong> en collectivit\u00e9s. Ces comp\u00e9tences, je souhaite les <strong>mettre au service de notre commune<\/strong>.<\/p>\n\n\n\n<figure class=\"wp-block-image aligncenter size-full is-resized\"><a href=\"https:\/\/ensemblepourbellegardepoussieu.fr\/index.php\/presentation-de-notre-equipe\/\"><img loading=\"lazy\" decoding=\"async\" width=\"500\" height=\"500\" src=\"http:\/\/ensemblepourbellegardepoussieu.fr\/wp-content\/uploads\/2026\/02\/notre-equipe-3.png\" alt=\"\" class=\"wp-image-39\" style=\"width:109px;height:auto\" srcset=\"https:\/\/ensemblepourbellegardepoussieu.fr\/wp-content\/uploads\/2026\/02\/notre-equipe-3.png 500w, https:\/\/ensemblepourbellegardepoussieu.fr\/wp-content\/uploads\/2026\/02\/notre-equipe-3-300x300.png 300w, https:\/\/ensemblepourbellegardepoussieu.fr\/wp-content\/uploads\/2026\/02\/notre-equipe-3-150x150.png 150w\" sizes=\"auto, (max-width: 500px) 100vw, 500px\" \/><\/a><\/figure>\n","protected":false},"excerpt":{"rendered":"<p>45 ans &#8211; Mari\u00e9 &#8211; P\u00e8re de trois enfants Install\u00e9 \u00e0 Bellegarde-Poussieu depuis 2014, je suis pleinement investi dans la vie du village. Cadre de la fonction publique, je dirige une \u00e9quipe d&rsquo;une dizaine de personnes, d\u00e9veloppant ainsi mon sens des responsabilit\u00e9s, de la prise de d\u00e9cision et du travail en \u00e9quipe. Au sein de [&hellip;]<\/p>\n","protected":false},"author":1,"featured_media":0,"parent":0,"menu_order":0,"comment_status":"closed","ping_status":"closed","template":"","meta":{"footnotes":""},"class_list":["post-130","page","type-page","status-publish","hentry"],"_links":{"self":[{"href":"https:\/\/ensemblepourbellegardepoussieu.fr\/index.php\/wp-json\/wp\/v2\/pages\/130","targetHints":{"allow":["GET"]}}],"collection":[{"href":"https:\/\/ensemblepourbellegardepoussieu.fr\/index.php\/wp-json\/wp\/v2\/pages"}],"about":[{"href":"https:\/\/ensemblepourbellegardepoussieu.fr\/index.php\/wp-json\/wp\/v2\/types\/page"}],"author":[{"embeddable":true,"href":"https:\/\/ensemblepourbellegardepoussieu.fr\/index.php\/wp-json\/wp\/v2\/users\/1"}],"replies":[{"embeddable":true,"href":"https:\/\/ensemblepourbellegardepoussieu.fr\/index.php\/wp-json\/wp\/v2\/comments?post=130"}],"version-history":[{"count":7,"href":"https:\/\/ensemblepourbellegardepoussieu.fr\/index.php\/wp-json\/wp\/v2\/pages\/130\/revisions"}],"predecessor-version":[{"id":294,"href":"https:\/\/ensemblepourbellegardepoussieu.fr\/index.php\/wp-json\/wp\/v2\/pages\/130\/revisions\/294"}],"wp:attachment":[{"href":"https:\/\/ensemblepourbellegardepoussieu.fr\/index.php\/wp-json\/wp\/v2\/media?parent=130"}],"curies":[{"name":"wp","href":"https:\/\/api.w.org\/{rel}","templated":true}]}}