{"id":107,"date":"2026-02-17T17:56:56","date_gmt":"2026-02-17T16:56:56","guid":{"rendered":"https:\/\/ensemblepourbellegardepoussieu.fr\/?page_id=107"},"modified":"2026-02-20T08:37:00","modified_gmt":"2026-02-20T07:37:00","slug":"chantal-fredout","status":"publish","type":"page","link":"https:\/\/ensemblepourbellegardepoussieu.fr\/index.php\/chantal-fredout\/","title":{"rendered":"Chantal Fredout"},"content":{"rendered":"\n<div class=\"wp-block-group is-nowrap is-layout-flex wp-container-core-group-is-layout-6c531013 wp-block-group-is-layout-flex\">\n<figure class=\"wp-block-image size-large\"><img loading=\"lazy\" decoding=\"async\" width=\"1024\" height=\"775\" src=\"http:\/\/ensemblepourbellegardepoussieu.fr\/wp-content\/uploads\/2026\/02\/Chantal-1024x775.jpg\" alt=\"\" class=\"wp-image-114\" srcset=\"https:\/\/ensemblepourbellegardepoussieu.fr\/wp-content\/uploads\/2026\/02\/Chantal-1024x775.jpg 1024w, https:\/\/ensemblepourbellegardepoussieu.fr\/wp-content\/uploads\/2026\/02\/Chantal-300x227.jpg 300w, https:\/\/ensemblepourbellegardepoussieu.fr\/wp-content\/uploads\/2026\/02\/Chantal-768x581.jpg 768w, https:\/\/ensemblepourbellegardepoussieu.fr\/wp-content\/uploads\/2026\/02\/Chantal-1536x1163.jpg 1536w, https:\/\/ensemblepourbellegardepoussieu.fr\/wp-content\/uploads\/2026\/02\/Chantal-2048x1550.jpg 2048w\" sizes=\"auto, (max-width: 1024px) 100vw, 1024px\" \/><\/figure>\n\n\n\n<p><strong>72 ans &#8211; Mari\u00e9e &#8211; Maman de deux enfants et mamie de deux petits-enfants<\/strong><\/p>\n<\/div>\n\n\n\n<p><strong>Native de Bellegarde-Poussieu<\/strong>, je vis depuis toujours au coeur du village.<\/p>\n\n\n\n<div class=\"wp-block-group is-nowrap is-layout-flex wp-container-core-group-is-layout-6c531013 wp-block-group-is-layout-flex\">\n<p>Tr\u00e8s investie dans la vie locale, j&rsquo;ai particip\u00e9 \u00e0 de <strong>nombreuses associations<\/strong> qui m&rsquo;ont permis de rester proches des habitants.<br>J&rsquo;ai ainsi \u00e9t\u00e9 membre du SOU des \u00e9coles, de la Maison des Jeunes et de la Culture, de l&rsquo;Association Familiale Rurale et du Comit\u00e9 d&rsquo;Entente et d&rsquo;Animation. je suis pr\u00e9sidente de ce dernier depuis 12 ans.<\/p>\n<\/div>\n\n\n\n<p>J&rsquo;ai aussi exerc\u00e9 plusieurs fonctions au sein de la commune :<\/p>\n\n\n\n<ul class=\"wp-block-list\">\n<li><strong>Conseill\u00e8re municipale<\/strong>, de 1995 \u00e0 2001,<\/li>\n\n\n\n<li><strong>Seconde adjointe, <\/strong>de 2002 \u00e0 2008, et<\/li>\n\n\n\n<li><strong>Premi\u00e8re adjointe<\/strong>, de 2008 \u00e0 2014.<\/li>\n<\/ul>\n\n\n\n<p>Ces exp\u00e9riences m&rsquo;ont permis de conna\u00eetre le <strong>fonctionnement communal<\/strong> et les enjeux locaux.<\/p>\n\n\n\n<p>Aujourd&rsquo;hui, je m&rsquo;engage entour\u00e9e d&rsquo;une \u00e9quipe de 14 personnes convaincue de l&rsquo;importance du <strong>travail collectif <\/strong>et de la <strong>compl\u00e9mentarit\u00e9 de nos parcours professionnels<\/strong>.<\/p>\n\n\n\n<p>Je souhaite continuer \u00e0 servir la commune et contribuer \u00e0 am\u00e9liorer le quotidien de chacun dans un <strong>village dynamique, accueillant et tourn\u00e9 vers l&rsquo;avenir<\/strong>.<\/p>\n\n\n\n<p><\/p>\n\n\n\n<figure class=\"wp-block-image aligncenter size-full is-resized\"><a href=\"https:\/\/ensemblepourbellegardepoussieu.fr\/index.php\/presentation-de-notre-equipe\/\"><img loading=\"lazy\" decoding=\"async\" width=\"500\" height=\"500\" src=\"http:\/\/ensemblepourbellegardepoussieu.fr\/wp-content\/uploads\/2026\/02\/notre-equipe-3.png\" alt=\"\" class=\"wp-image-39\" style=\"width:109px;height:auto\" srcset=\"https:\/\/ensemblepourbellegardepoussieu.fr\/wp-content\/uploads\/2026\/02\/notre-equipe-3.png 500w, https:\/\/ensemblepourbellegardepoussieu.fr\/wp-content\/uploads\/2026\/02\/notre-equipe-3-300x300.png 300w, https:\/\/ensemblepourbellegardepoussieu.fr\/wp-content\/uploads\/2026\/02\/notre-equipe-3-150x150.png 150w\" sizes=\"auto, (max-width: 500px) 100vw, 500px\" \/><\/a><\/figure>\n","protected":false},"excerpt":{"rendered":"<p>72 ans &#8211; Mari\u00e9e &#8211; Maman de deux enfants et mamie de deux petits-enfants Native de Bellegarde-Poussieu, je vis depuis toujours au coeur du village. Tr\u00e8s investie dans la vie locale, j&rsquo;ai particip\u00e9 \u00e0 de nombreuses associations qui m&rsquo;ont permis de rester proches des habitants.J&rsquo;ai ainsi \u00e9t\u00e9 membre du SOU des \u00e9coles, de la Maison [&hellip;]<\/p>\n","protected":false},"author":1,"featured_media":0,"parent":0,"menu_order":0,"comment_status":"closed","ping_status":"closed","template":"","meta":{"footnotes":""},"class_list":["post-107","page","type-page","status-publish","hentry"],"_links":{"self":[{"href":"https:\/\/ensemblepourbellegardepoussieu.fr\/index.php\/wp-json\/wp\/v2\/pages\/107","targetHints":{"allow":["GET"]}}],"collection":[{"href":"https:\/\/ensemblepourbellegardepoussieu.fr\/index.php\/wp-json\/wp\/v2\/pages"}],"about":[{"href":"https:\/\/ensemblepourbellegardepoussieu.fr\/index.php\/wp-json\/wp\/v2\/types\/page"}],"author":[{"embeddable":true,"href":"https:\/\/ensemblepourbellegardepoussieu.fr\/index.php\/wp-json\/wp\/v2\/users\/1"}],"replies":[{"embeddable":true,"href":"https:\/\/ensemblepourbellegardepoussieu.fr\/index.php\/wp-json\/wp\/v2\/comments?post=107"}],"version-history":[{"count":3,"href":"https:\/\/ensemblepourbellegardepoussieu.fr\/index.php\/wp-json\/wp\/v2\/pages\/107\/revisions"}],"predecessor-version":[{"id":254,"href":"https:\/\/ensemblepourbellegardepoussieu.fr\/index.php\/wp-json\/wp\/v2\/pages\/107\/revisions\/254"}],"wp:attachment":[{"href":"https:\/\/ensemblepourbellegardepoussieu.fr\/index.php\/wp-json\/wp\/v2\/media?parent=107"}],"curies":[{"name":"wp","href":"https:\/\/api.w.org\/{rel}","templated":true}]}}