{"id":59,"date":"2026-02-14T09:11:46","date_gmt":"2026-02-14T09:11:46","guid":{"rendered":"http:\/\/ensemblepourbellegardepoussieu.fr\/?page_id=59"},"modified":"2026-02-18T16:48:45","modified_gmt":"2026-02-18T15:48:45","slug":"actualites","status":"publish","type":"page","link":"http:\/\/ensemblepourbellegardepoussieu.fr\/index.php\/actualites\/","title":{"rendered":"ACTUALIT\u00c9S"},"content":{"rendered":"\n<p>Retrouvez ici toute l&rsquo;actualit\u00e9 li\u00e9e \u00e0 notre \u00e9quipe<\/p>\n\n\n\n<div class=\"wp-block-group has-global-padding is-content-justification-center is-layout-constrained wp-block-group-is-layout-constrained\">\n<div class=\"wp-block-media-text is-stacked-on-mobile\" style=\"grid-template-columns:55% auto\"><figure class=\"wp-block-media-text__media\"><img loading=\"lazy\" decoding=\"async\" width=\"1024\" height=\"683\" src=\"https:\/\/ensemblepourbellegardepoussieu.fr\/wp-content\/uploads\/2026\/02\/Depot-dossier-1024x683.jpg\" alt=\"\" class=\"wp-image-161 size-full\" srcset=\"http:\/\/ensemblepourbellegardepoussieu.fr\/wp-content\/uploads\/2026\/02\/Depot-dossier-1024x683.jpg 1024w, http:\/\/ensemblepourbellegardepoussieu.fr\/wp-content\/uploads\/2026\/02\/Depot-dossier-300x200.jpg 300w, http:\/\/ensemblepourbellegardepoussieu.fr\/wp-content\/uploads\/2026\/02\/Depot-dossier-768x512.jpg 768w, http:\/\/ensemblepourbellegardepoussieu.fr\/wp-content\/uploads\/2026\/02\/Depot-dossier.jpg 1536w\" sizes=\"auto, (max-width: 1024px) 100vw, 1024px\" \/><\/figure><div class=\"wp-block-media-text__content\">\n<p class=\"is-style-text-subtitle is-style-text-subtitle--1\"><strong>18 f\u00e9vrier 2026<\/strong><\/p>\n\n\n\n<p>Aujourd&rsquo;hui, notre \u00e9quipe a d\u00e9pos\u00e9 l&rsquo;ensemble des documents n\u00e9cessaires \u00e0 notre candidature aupr\u00e8s de la sous-pr\u00e9fecture de Vienne. \u00c9tape importante franchie ensemble, dans un esprit collectif et engag\u00e9.<\/p>\n\n\n\n<p><a href=\"https:\/\/www.facebook.com\/profile.php?id=61587424829631\">Cliquez ici pour consulter l&rsquo;article<\/a><\/p>\n<\/div><\/div>\n\n\n\n<div class=\"wp-block-media-text is-stacked-on-mobile\" style=\"grid-template-columns:55% auto\"><figure class=\"wp-block-media-text__media\"><img loading=\"lazy\" decoding=\"async\" width=\"502\" height=\"366\" src=\"http:\/\/ensemblepourbellegardepoussieu.fr\/wp-content\/uploads\/2026\/02\/Copie-decran_20260216_225257.png\" alt=\"\" class=\"wp-image-97 size-full\" srcset=\"http:\/\/ensemblepourbellegardepoussieu.fr\/wp-content\/uploads\/2026\/02\/Copie-decran_20260216_225257.png 502w, http:\/\/ensemblepourbellegardepoussieu.fr\/wp-content\/uploads\/2026\/02\/Copie-decran_20260216_225257-300x219.png 300w\" sizes=\"auto, (max-width: 502px) 100vw, 502px\" \/><\/figure><div class=\"wp-block-media-text__content\">\n<p class=\"is-style-text-subtitle is-style-text-subtitle--2\"><strong>17 f\u00e9vrier 2026<\/strong><\/p>\n\n\n\n<p>Article paru dans le Dauphin\u00e9 Lib\u00e9r\u00e9, \u00e9dition du <strong>17 f\u00e9vrier 2026<\/strong><\/p>\n\n\n\n<p class=\"has-text-align-left\"><a href=\"https:\/\/www.ledauphine.com\/elections\/2026\/02\/16\/bellegarde-poussieu-la-liste-de-chantal-fredout-ensemble-pour-faire-vivre-notre-village-est-complete\" target=\"_blank\" rel=\"noopener noreferrer\">Cliquez ici pour consulter l&rsquo;article <\/a><\/p>\n<\/div><\/div>\n\n\n\n<div class=\"wp-block-media-text is-stacked-on-mobile\" style=\"grid-template-columns:55% auto\"><figure class=\"wp-block-media-text__media\"><img loading=\"lazy\" decoding=\"async\" width=\"590\" height=\"393\" src=\"http:\/\/ensemblepourbellegardepoussieu.fr\/wp-content\/uploads\/2026\/02\/DL-du-12.02.26.png\" alt=\"\" class=\"wp-image-60 size-full\" srcset=\"http:\/\/ensemblepourbellegardepoussieu.fr\/wp-content\/uploads\/2026\/02\/DL-du-12.02.26.png 590w, http:\/\/ensemblepourbellegardepoussieu.fr\/wp-content\/uploads\/2026\/02\/DL-du-12.02.26-300x200.png 300w\" sizes=\"auto, (max-width: 590px) 100vw, 590px\" \/><\/figure><div class=\"wp-block-media-text__content\">\n<p class=\"is-style-text-subtitle is-style-text-subtitle--3\"><strong>14 f\u00e9vrier 2026<\/strong><\/p>\n\n\n\n<p>Article paru dans le Dauphin\u00e9 Lib\u00e9r\u00e9, \u00e9dition du <strong>12 f\u00e9vrier 2026<\/strong><\/p>\n\n\n\n<p><a href=\"https:\/\/www.ledauphine.com\/elections\/2026\/02\/16\/bellegarde-poussieu-la-liste-de-chantal-fredout-ensemble-pour-faire-vivre-notre-village-est-complete\" target=\"_blank\" rel=\"noopener noreferrer\"><\/a><a href=\"https:\/\/www.ledauphine.com\/elections\/2026\/02\/12\/chantal-fredout-est-candidate-contre-la-maire-sortante-a-bellegarde-poussieu\" target=\"_blank\" rel=\"noopener noreferrer\">Cliquez ici pour consulter l&rsquo;article <\/a><\/p>\n<\/div><\/div>\n<\/div>\n","protected":false},"excerpt":{"rendered":"<p>Retrouvez ici toute l&rsquo;actualit\u00e9 li\u00e9e \u00e0 notre \u00e9quipe 18 f\u00e9vrier 2026 Aujourd&rsquo;hui, notre \u00e9quipe a d\u00e9pos\u00e9 l&rsquo;ensemble des documents n\u00e9cessaires \u00e0 notre candidature aupr\u00e8s de la sous-pr\u00e9fecture de Vienne. \u00c9tape importante franchie ensemble, dans un esprit collectif et engag\u00e9. Cliquez ici pour consulter l&rsquo;article 17 f\u00e9vrier 2026 Article paru dans le Dauphin\u00e9 Lib\u00e9r\u00e9, \u00e9dition du [&hellip;]<\/p>\n","protected":false},"author":1,"featured_media":139,"parent":0,"menu_order":0,"comment_status":"closed","ping_status":"closed","template":"","meta":{"footnotes":""},"class_list":["post-59","page","type-page","status-publish","has-post-thumbnail","hentry"],"_links":{"self":[{"href":"http:\/\/ensemblepourbellegardepoussieu.fr\/index.php\/wp-json\/wp\/v2\/pages\/59","targetHints":{"allow":["GET"]}}],"collection":[{"href":"http:\/\/ensemblepourbellegardepoussieu.fr\/index.php\/wp-json\/wp\/v2\/pages"}],"about":[{"href":"http:\/\/ensemblepourbellegardepoussieu.fr\/index.php\/wp-json\/wp\/v2\/types\/page"}],"author":[{"embeddable":true,"href":"http:\/\/ensemblepourbellegardepoussieu.fr\/index.php\/wp-json\/wp\/v2\/users\/1"}],"replies":[{"embeddable":true,"href":"http:\/\/ensemblepourbellegardepoussieu.fr\/index.php\/wp-json\/wp\/v2\/comments?post=59"}],"version-history":[{"count":11,"href":"http:\/\/ensemblepourbellegardepoussieu.fr\/index.php\/wp-json\/wp\/v2\/pages\/59\/revisions"}],"predecessor-version":[{"id":162,"href":"http:\/\/ensemblepourbellegardepoussieu.fr\/index.php\/wp-json\/wp\/v2\/pages\/59\/revisions\/162"}],"wp:featuredmedia":[{"embeddable":true,"href":"http:\/\/ensemblepourbellegardepoussieu.fr\/index.php\/wp-json\/wp\/v2\/media\/139"}],"wp:attachment":[{"href":"http:\/\/ensemblepourbellegardepoussieu.fr\/index.php\/wp-json\/wp\/v2\/media?parent=59"}],"curies":[{"name":"wp","href":"https:\/\/api.w.org\/{rel}","templated":true}]}}