{"id":20,"date":"2026-02-07T22:04:06","date_gmt":"2026-02-07T22:04:06","guid":{"rendered":"http:\/\/ensemblepourbellegardepoussieu.fr\/?page_id=20"},"modified":"2026-02-19T08:30:05","modified_gmt":"2026-02-19T07:30:05","slug":"20-2","status":"publish","type":"page","link":"http:\/\/ensemblepourbellegardepoussieu.fr\/index.php\/20-2\/","title":{"rendered":"QUI SOMMES NOUS ?"},"content":{"rendered":"\n<p class=\"has-text-align-left\">\u00c0 l\u2019occasion des <strong>\u00e9lections municipales de 2026,<\/strong> nous avons choisi de nous pr\u00e9senter <strong>ensemble<\/strong>, avec l\u2019<strong>envie de faire vivre notre village<\/strong>.<\/p>\n\n\n\n<p class=\"has-text-align-left\">Notre \u00e9quipe est compos\u00e9e de <strong>quinze habitants de Bellegarde\u2011Poussieu<\/strong>, huit femmes et sept hommes. Nous rassemblons des <strong>personnes n\u00e9es dans le village<\/strong> ainsi que de <strong>nouveaux habitants<\/strong>, avec des parcours vari\u00e9s, refl\u00e9tant la diversit\u00e9 pr\u00e9sente sur la commune.<\/p>\n\n\n\n<p class=\"has-text-align-left\">Notre liste est men\u00e9e par <strong>Chantal Fredout,<\/strong> originaire de Bellegarde\u2011Poussieu.<\/p>\n\n\n\n<p class=\"has-text-align-left\">Pour nous, <strong>la gestion d\u2019une commune repose sur un fonctionnement collectif<\/strong> :<\/p>\n\n\n\n<p class=\"has-text-align-left\">\u00ab Une seule personne, m\u00eame tr\u00e8s pr\u00e9sente sur le village, ne peut pas tout assumer seule. C\u2019est <strong>notre \u00e9quipe, solidaire et unie<\/strong>, qui nous permettra d\u2019agir efficacement pour notre commune et ses habitants. \u00bb<\/p>\n\n\n\n<p class=\"has-text-align-left\">Nous nous tiendrons disponibles et <strong>\u00e0 votre \u00e9coute<\/strong> pour <strong>comprendre vos besoins<\/strong> et <strong>trouver ensemble les meilleures solutions<\/strong>. Les diff\u00e9rentes commissions seront ouvertes \u00e0 toutes celles et ceux qui souhaitent s\u2019investir et apporter leur contribution dans un ou plusieurs domaines.<\/p>\n\n\n\n<p class=\"has-text-align-left\">Nous serons \u00e9galement pr\u00e9sents et impliqu\u00e9s au sein d&rsquo;<strong>EBER<\/strong>, conscients de l\u2019<strong>importance de l\u2019intercommunalit\u00e9<\/strong> dans la vie communale de nos jours.<\/p>\n\n\n\n<figure class=\"wp-block-image size-large\"><img loading=\"lazy\" decoding=\"async\" width=\"1024\" height=\"751\" src=\"http:\/\/ensemblepourbellegardepoussieu.fr\/wp-content\/uploads\/2026\/02\/WhatsApp-Image-2026-02-08-at-19.25.08fef-1024x751.jpeg\" alt=\"\" class=\"wp-image-56\" srcset=\"http:\/\/ensemblepourbellegardepoussieu.fr\/wp-content\/uploads\/2026\/02\/WhatsApp-Image-2026-02-08-at-19.25.08fef-1024x751.jpeg 1024w, http:\/\/ensemblepourbellegardepoussieu.fr\/wp-content\/uploads\/2026\/02\/WhatsApp-Image-2026-02-08-at-19.25.08fef-300x220.jpeg 300w, http:\/\/ensemblepourbellegardepoussieu.fr\/wp-content\/uploads\/2026\/02\/WhatsApp-Image-2026-02-08-at-19.25.08fef-768x564.jpeg 768w, http:\/\/ensemblepourbellegardepoussieu.fr\/wp-content\/uploads\/2026\/02\/WhatsApp-Image-2026-02-08-at-19.25.08fef-1536x1127.jpeg 1536w, http:\/\/ensemblepourbellegardepoussieu.fr\/wp-content\/uploads\/2026\/02\/WhatsApp-Image-2026-02-08-at-19.25.08fef.jpeg 1600w\" sizes=\"auto, (max-width: 1024px) 100vw, 1024px\" \/><\/figure>\n","protected":false},"excerpt":{"rendered":"<p>\u00c0 l\u2019occasion des \u00e9lections municipales de 2026, nous avons choisi de nous pr\u00e9senter ensemble, avec l\u2019envie de faire vivre notre village. Notre \u00e9quipe est compos\u00e9e de quinze habitants de Bellegarde\u2011Poussieu, huit femmes et sept hommes. Nous rassemblons des personnes n\u00e9es dans le village ainsi que de nouveaux habitants, avec des parcours vari\u00e9s, refl\u00e9tant la diversit\u00e9 [&hellip;]<\/p>\n","protected":false},"author":1,"featured_media":0,"parent":0,"menu_order":0,"comment_status":"closed","ping_status":"closed","template":"","meta":{"footnotes":""},"class_list":["post-20","page","type-page","status-publish","hentry"],"_links":{"self":[{"href":"http:\/\/ensemblepourbellegardepoussieu.fr\/index.php\/wp-json\/wp\/v2\/pages\/20","targetHints":{"allow":["GET"]}}],"collection":[{"href":"http:\/\/ensemblepourbellegardepoussieu.fr\/index.php\/wp-json\/wp\/v2\/pages"}],"about":[{"href":"http:\/\/ensemblepourbellegardepoussieu.fr\/index.php\/wp-json\/wp\/v2\/types\/page"}],"author":[{"embeddable":true,"href":"http:\/\/ensemblepourbellegardepoussieu.fr\/index.php\/wp-json\/wp\/v2\/users\/1"}],"replies":[{"embeddable":true,"href":"http:\/\/ensemblepourbellegardepoussieu.fr\/index.php\/wp-json\/wp\/v2\/comments?post=20"}],"version-history":[{"count":12,"href":"http:\/\/ensemblepourbellegardepoussieu.fr\/index.php\/wp-json\/wp\/v2\/pages\/20\/revisions"}],"predecessor-version":[{"id":211,"href":"http:\/\/ensemblepourbellegardepoussieu.fr\/index.php\/wp-json\/wp\/v2\/pages\/20\/revisions\/211"}],"wp:attachment":[{"href":"http:\/\/ensemblepourbellegardepoussieu.fr\/index.php\/wp-json\/wp\/v2\/media?parent=20"}],"curies":[{"name":"wp","href":"https:\/\/api.w.org\/{rel}","templated":true}]}}